{"id":15073,"date":"2019-04-12T11:37:10","date_gmt":"2019-04-12T09:37:10","guid":{"rendered":"https:\/\/borgobianco.it\/privacy-policy\/"},"modified":"2026-03-19T16:46:00","modified_gmt":"2026-03-19T15:46:00","slug":"privacy-policy","status":"publish","type":"page","link":"https:\/\/borgobianco.it\/fr\/privacy-policy\/","title":{"rendered":"Privacy Policy"},"content":{"rendered":"<p>[vc_row el_class=\u00a0\u00bbcontainer mx-auto\u00a0\u00bb][vc_column][vc_empty_space height=\u00a0\u00bb40&Prime;][vc_custom_heading text=\u00a0\u00bbPRIVACY POLICY\u00a0\u00bb use_theme_fonts=\u00a0\u00bbyes\u00a0\u00bb][vc_column_text]<strong>Le responsable du traitement est GREENBLU S.r.l. Les co-responsables sont GETUR LEVANTE S.r.l. et DIERRESSETI SERVICE S.r.l.<\/strong><br \/>\n\u00c0 travers ce site web <strong>nous traitons vos donn\u00e9es<\/strong> principalement pour les raisons suivantes\u00a0:<\/p>\n<ol>\n<li>G\u00e9rer votre r\u00e9servation aupr\u00e8s de notre \u00e9tablissement\u00a0;<\/li>\n<li>Vous r\u00e9pondre si vous demandez des informations via le formulaire d\u00e9di\u00e9 sur la page Promo\u00a0;<\/li>\n<li>Vous fournir une r\u00e9ponse lorsque vous utilisez les coordonn\u00e9es disponibles sur le site web (t\u00e9l\u00e9phone, e-mail, pages sociales actives)\u00a0;<\/li>\n<li>Vous contacter par t\u00e9l\u00e9phone si vous avez d\u00e9j\u00e0 \u00e9t\u00e9 notre client, effectu\u00e9 une r\u00e9servation ou communiqu\u00e9 votre num\u00e9ro de t\u00e9l\u00e9phone, afin de vous informer sur des promotions, offres sp\u00e9ciales, \u00e9v\u00e9nements ou initiatives organis\u00e9s dans notre \u00e9tablissement\u00a0;<\/li>\n<li>Vous envoyer des communications par e-mail si vous avez d\u00e9j\u00e0 \u00e9t\u00e9 notre client, effectu\u00e9 une r\u00e9servation ou demand\u00e9 un devis, afin de vous informer sur des promotions et offres sp\u00e9ciales li\u00e9es \u00e0 votre demande (dit \u00ab\u00a0soft spam\u00a0\u00bb)\u00a0;<\/li>\n<li>Recevoir des retours ou suggestions sur votre exp\u00e9rience au sein de notre \u00e9tablissement\u00a0;<\/li>\n<li>Activer le service de newsletter \u00e0 votre demande\u00a0;<\/li>\n<li>Recevoir des candidatures via la page \u00ab\u00a0Travailler avec nous\u00a0\u00bb.<\/li>\n<\/ol>\n<p><strong>Les demandes d\u2019informations<\/strong> re\u00e7ues par ces canaux seront <strong>conserv\u00e9es pendant 10 ans<\/strong>.<\/p>\n<p>Votre inscription \u00e0 la newsletter restera active jusqu\u2019\u00e0 ce que vous demandiez sa suppression via la proc\u00e9dure indiqu\u00e9e au bas de chacun de nos e-mails. Nous pourrons utiliser vos coordonn\u00e9es t\u00e9l\u00e9phoniques pour vous envoyer des communications relatives \u00e0 des promotions, offres et \u00e9v\u00e9nements organis\u00e9s par l\u2019\u00e9tablissement, exclusivement pour les utilisateurs ayant d\u00e9j\u00e0 effectu\u00e9 une r\u00e9servation ou ayant \u00e9t\u00e9 clients, jusqu\u2019\u00e0 votre opposition. Vous pouvez exercer ce droit \u00e0 tout moment en nous contactant aux coordonn\u00e9es indiqu\u00e9es dans la pr\u00e9sente politique. Dans tous les cas, nous conserverons votre num\u00e9ro de t\u00e9l\u00e9phone \u00e0 des fins promotionnelles pendant 24 mois \u00e0 compter de votre derni\u00e8re interaction avec nous. De plus, nous conserverons votre adresse e-mail, fournie pour des r\u00e9servations ou demandes de devis, \u00e0 des fins marketing pendant 36 mois \u00e0 compter de votre derni\u00e8re interaction.<\/p>\n<p>Enfin, les <strong>CV<\/strong> re\u00e7us dans le cadre des candidatures seront conserv\u00e9s jusqu\u2019\u00e0 3 ans, apr\u00e8s quoi seules les coordonn\u00e9es seront conserv\u00e9es afin de demander un CV mis \u00e0 jour.<\/p>\n<p>Certaines cat\u00e9gories de donn\u00e9es personnelles des utilisateurs du site peuvent \u00eatre <strong>accessibles<\/strong> aux prestataires fournissant des services d\u2019h\u00e9bergement du site web, de messagerie \u00e9lectronique et de maintenance du site. Elles peuvent \u00e9galement \u00eatre accessibles aux employ\u00e9s ou collaborateurs de l\u2019\u00e9tablissement d\u00fbment autoris\u00e9s.<\/p>\n<p>Nous utilisons \u00e9galement des <strong>cookies techniques, analytiques et marketing<\/strong>, comme indiqu\u00e9 dans notre <strong>politique relative aux cookies<\/strong>.<\/p>\n<p>Nous pr\u00e9cisons que cette information concerne uniquement les traitements de donn\u00e9es personnelles effectu\u00e9s via le site web. Une fois sur place dans notre \u00e9tablissement, une nouvelle information vous sera fournie concernant tous les traitements li\u00e9s \u00e0 votre s\u00e9jour.<\/p>\n<p><strong>VOS DROITS<\/strong><br \/>\nVous avez toujours le droit de recevoir toutes les informations n\u00e9cessaires concernant le traitement de vos donn\u00e9es personnelles, ainsi que d\u2019y <strong>acc\u00e9der<\/strong> et d\u2019en obtenir une copie. Vous avez \u00e9galement le droit de demander la <strong>mise \u00e0 jour<\/strong>, la <strong>compl\u00e9tion<\/strong>, la <strong>rectification<\/strong> ou la <strong>suppression<\/strong> de vos donn\u00e9es personnelles.<br \/>\n\u00c0 tout moment, vous pouvez vous <strong>opposer<\/strong> \u00e0 tout ou partie du traitement de vos donn\u00e9es ou en demander la <strong>limitation<\/strong>. Pour les donn\u00e9es trait\u00e9es sur la base du consentement ou dans le cadre de l\u2019ex\u00e9cution d\u2019un contrat, vous pouvez \u00e9galement demander leur <strong>portabilit\u00e9<\/strong>.<br \/>\nSi vous estimez que le traitement de vos donn\u00e9es est effectu\u00e9 en <strong>violation<\/strong> du d\u00e9cret l\u00e9gislatif n\u00b0 101\/2018, vous avez le droit d\u2019introduire une <strong>r\u00e9clamation<\/strong> aupr\u00e8s de l\u2019autorit\u00e9 comp\u00e9tente.<\/p>\n<h2>1. Qui traite vos donn\u00e9es<\/h2>\n<p>En tant que gestionnaire de ce site web, GREENBLU S.r.l. est le <strong>responsable du traitement<\/strong> des donn\u00e9es personnelles des utilisateurs naviguant sur ses pages. Les co-responsables sont GETUR LEVANTE S.r.l., dont le si\u00e8ge social est situ\u00e9 dans la Zone Industrielle, 70015 Noci (BA), et DIERRESSETI SERVICE S.r.l., dont le si\u00e8ge social est situ\u00e9 Via Degli Aragonesi n\u00b0 44, 75100 Matera.<\/p>\n<p>Coordonn\u00e9es\u00a0: e-mail\u00a0: <a href=\"mailto:privacy@greenblu.it\">privacy@greenblu.it<\/a><\/p>\n<p>Le Responsable du traitement a nomm\u00e9 le Dr Francesco Martino Panetta en tant que D\u00e9l\u00e9gu\u00e9 \u00e0 la protection des donn\u00e9es (DPO), joignable \u00e0 l\u2019adresse suivante\u00a0: <a href=\"mailto:dpo@greenblu.it\">dpo@greenblu.it<\/a><\/p>\n<h2>2. Quelles donn\u00e9es le site web traite-t-il<\/h2>\n<p><strong>A) Donn\u00e9es personnelles fournies volontairement par l\u2019utilisateur<\/strong>. Il s\u2019agit des donn\u00e9es que <strong>vous choisissez de nous fournir de mani\u00e8re volontaire<\/strong> dans les cas suivants\u00a0:<\/p>\n<ol type=\"a\">\n<li>lors de votre inscription \u00e0 la newsletter, en fournissant votre pr\u00e9nom, nom et adresse e-mail\u00a0;<\/li>\n<li>lorsque vous demandez des informations sur un \u00e9ventuel s\u00e9jour en remplissant le formulaire pr\u00e9sent sur la page PROMO. Dans ce cas, nous vous demandons, en plus des coordonn\u00e9es, les dates d\u2019arriv\u00e9e et de d\u00e9part, la pr\u00e9sence \u00e9ventuelle d\u2019enfants et leur \u00e2ge\u00a0;<\/li>\n<li>lorsque vous nous envoyez des retours ou suggestions sur votre exp\u00e9rience dans notre \u00e9tablissement. Vous pouvez \u00e9galement indiquer si vous pr\u00e9f\u00e9rez \u00eatre recontact\u00e9 par e-mail ou t\u00e9l\u00e9phone\u00a0;<\/li>\n<li>lorsque vous nous contactez par t\u00e9l\u00e9phone ou e-mail, via les r\u00e9seaux sociaux ou les plateformes indiqu\u00e9es sur le site renvoyant vers nos pages sociales actives. Dans ces cas, nous pouvons collecter votre nom, votre e-mail, votre num\u00e9ro de t\u00e9l\u00e9phone ainsi que les donn\u00e9es personnelles incluses dans votre message\u00a0;<\/li>\n<li>lorsque vous d\u00e9cidez de nous envoyer votre candidature pour travailler avec nous.<\/li>\n<\/ol>\n<p><strong>B) Photos repr\u00e9sentant les animateurs<\/strong> travaillant au sein de l\u2019h\u00f4tel\u00a0;<\/p>\n<p><strong>C) Donn\u00e9es de navigation.<\/strong> Il s\u2019agit des <strong>donn\u00e9es transmises lors de l\u2019utilisation des protocoles de communication internet<\/strong>, collect\u00e9es par des dispositifs mat\u00e9riels et des proc\u00e9dures logicielles n\u00e9cessaires au fonctionnement du site. Cela inclut les adresses IP, les noms de domaine des appareils utilis\u00e9s, les informations sur les pages visit\u00e9es et d\u2019autres param\u00e8tres relatifs au syst\u00e8me d\u2019exploitation et \u00e0 l\u2019environnement informatique de l\u2019utilisateur.<\/p>\n<p><strong>D) Cookies et autres syst\u00e8mes de suivi.<\/strong> Des <strong>cookies techniques<\/strong> sont utilis\u00e9s pour assurer une navigation efficace sur le site, ainsi que des <strong>cookies de profilage<\/strong> ou d\u2019autres cookies de fournisseurs tiers susceptibles de suivre votre comportement. Pour plus d\u2019informations, nous vous invitons \u00e0 consulter notre <strong>politique relative aux cookies<\/strong>.<\/p>\n<h2>3. Quelles sont les bases juridiques et les finalit\u00e9s du traitement\u00a0?<\/h2>\n<p><strong>A)<\/strong> Les donn\u00e9es personnelles que vous fournissez volontairement sont collect\u00e9es et trait\u00e9es sur la base de <strong>mesures pr\u00e9contractuelles<\/strong> et de l\u2019<strong>ex\u00e9cution d\u2019obligations contractuelles<\/strong> afin de\u00a0:<\/p>\n<ol>\n<li>G\u00e9rer votre r\u00e9servation dans notre \u00e9tablissement, y compris via des services externes\u00a0;<\/li>\n<li>Vous r\u00e9pondre lorsque vous utilisez le formulaire de contact du site (e-mail, t\u00e9l\u00e9phone et pages sociales actives)\u00a0;<\/li>\n<li>R\u00e9pondre \u00e0 vos demandes d\u2019informations via le formulaire de la page Promo\u00a0;<\/li>\n<li>Recevoir des retours ou suggestions sur votre exp\u00e9rience\u00a0;<\/li>\n<li>Activer le service de newsletter \u00e0 votre demande.<\/li>\n<\/ol>\n<p>Veuillez noter que sans les donn\u00e9es requises dans le formulaire de contact ou pour l\u2019inscription \u00e0 la newsletter, nous ne pourrons pas vous r\u00e9pondre ni fournir le service demand\u00e9.<\/p>\n<p><strong>B) Les CV et les donn\u00e9es re\u00e7us via la page \u00ab\u00a0Travailler avec nous\u00a0\u00bb<\/strong> sont trait\u00e9s conform\u00e9ment \u00e0 l\u2019article 111-bis du d\u00e9cret l\u00e9gislatif 196\/2003, tel que modifi\u00e9 par le d\u00e9cret l\u00e9gislatif 101\/2018, sans n\u00e9cessiter de consentement sp\u00e9cifique.<br \/>\nVeuillez noter que sans les donn\u00e9es requises lors de l\u2019envoi d\u2019un formulaire, d\u2019une candidature ou pour l\u2019inscription \u00e0 la newsletter, nous ne pourrons pas donner suite \u00e0 votre demande.<\/p>\n<p><strong>C)<\/strong> Les donn\u00e9es de contact (adresse e-mail) sont trait\u00e9es sur la base de l\u2019<strong>int\u00e9r\u00eat l\u00e9gitime<\/strong> du Responsable afin de maintenir la relation avec la client\u00e8le existante en l\u2019informant de promotions, offres sp\u00e9ciales et\/ou \u00e9v\u00e9nements (<em>soft spam<\/em>).<\/p>\n<p><strong>D)<\/strong> Les donn\u00e9es personnelles fournies volontairement sont \u00e9galement trait\u00e9es sur la base du <strong>consentement<\/strong> afin de\u00a0:<\/p>\n<ol>\n<li><strong>Publier des photos d\u2019employ\u00e9s ou d\u2019animateurs<\/strong> pour promouvoir les activit\u00e9s et services propos\u00e9s par les \u00e9tablissements\u00a0;<\/li>\n<li><strong>Vous contacter par t\u00e9l\u00e9phone<\/strong> si vous avez d\u00e9j\u00e0 \u00e9t\u00e9 client, effectu\u00e9 une r\u00e9servation ou fourni votre num\u00e9ro, afin de vous informer de promotions, offres sp\u00e9ciales, \u00e9v\u00e9nements ou initiatives.<\/li>\n<\/ol>\n<p><strong>E)<\/strong> Les donn\u00e9es personnelles telles que les <strong>donn\u00e9es de navigation et les cookies techniques<\/strong> sont trait\u00e9es sur la base de l\u2019<strong>int\u00e9r\u00eat l\u00e9gitime<\/strong> du Responsable afin d\u2019assurer le bon et efficace fonctionnement des pages web.<\/p>\n<p><strong>F)<\/strong> Les donn\u00e9es collect\u00e9es via les <strong>cookies de profilage<\/strong> ou marketing sont trait\u00e9es sur la base du <strong>consentement<\/strong> donn\u00e9 via le <strong>bandeau cookies<\/strong>. Vous pouvez retirer ce consentement \u00e0 tout moment.<\/p>\n<h2>4. Dur\u00e9e de conservation des donn\u00e9es<\/h2>\n<p>Les donn\u00e9es personnelles collect\u00e9es via les <strong>messages envoy\u00e9s aux adresses e-mail du site<\/strong> seront conserv\u00e9es <strong>jusqu\u2019\u00e0 10 ans<\/strong>. Si vous activez notre <strong>service de newsletter<\/strong>, nous conserverons votre adresse e-mail <strong>jusqu\u2019\u00e0 ce que vous demandiez sa suppression<\/strong>\u00a0; tandis que <strong>les images relatives aux animateurs de l\u2019\u00e9tablissement<\/strong> resteront publi\u00e9es <strong>jusqu\u2019\u00e0 ce que la personne concern\u00e9e retire son consentement<\/strong>, y compris conform\u00e9ment au droit d\u2019auteur. Les donn\u00e9es de contact e-mail utilis\u00e9es pour des communications relatives \u00e0 des promotions, offres et \u00e9v\u00e9nements organis\u00e9s par l\u2019\u00e9tablissement, exclusivement pour les utilisateurs ayant d\u00e9j\u00e0 effectu\u00e9 une r\u00e9servation, \u00e9t\u00e9 clients ou s\u2019\u00e9tant int\u00e9ress\u00e9s \u00e0 un service, seront trait\u00e9es jusqu\u2019\u00e0 votre opposition, que vous pouvez exercer \u00e0 tout moment aux coordonn\u00e9es indiqu\u00e9es dans la pr\u00e9sente politique, et en tout \u00e9tat de cause pendant un maximum de <strong>36 mois<\/strong> apr\u00e8s la derni\u00e8re interaction. De plus, nous conserverons votre num\u00e9ro de t\u00e9l\u00e9phone \u00e0 des fins promotionnelles pendant <strong>24 mois<\/strong> \u00e0 compter de votre derni\u00e8re interaction avec nous.<\/p>\n<p>Les CV re\u00e7us dans le cadre des candidatures seront conserv\u00e9s jusqu\u2019\u00e0 3 ans, apr\u00e8s quoi seules les coordonn\u00e9es seront conserv\u00e9es pour demander une version mise \u00e0 jour.<\/p>\n<p>Pour ce qui concerne <strong>la dur\u00e9e de conservation des cookies<\/strong>, veuillez consulter la <strong>politique relative aux cookies<\/strong>.<\/p>\n<h2>5. \u00c0 qui vos donn\u00e9es sont-elles communiqu\u00e9es\u00a0?<\/h2>\n<p>Exclusivement pour les finalit\u00e9s indiqu\u00e9es ci-dessus, vos donn\u00e9es peuvent \u00eatre communiqu\u00e9es \u00e0\u00a0:<\/p>\n<p><strong>SOUS-TRAITANTS\u00a0:<\/strong> ce sont des <strong>tiers traitant les donn\u00e9es pour notre compte<\/strong> et garantissant des mesures de s\u00e9curit\u00e9 ad\u00e9quates afin de prot\u00e9ger au mieux vos informations. En particulier, les entit\u00e9s suivantes peuvent traiter vos donn\u00e9es\u00a0:<\/p>\n<ul>\n<li><strong>fournisseurs d\u2019h\u00e9bergement<\/strong> avec des centres de donn\u00e9es situ\u00e9s dans l\u2019UE\u00a0;<\/li>\n<li><strong>agences de communication charg\u00e9es de la gestion du site web.<\/strong><\/li>\n<\/ul>\n<p><strong>PERSONNEL AUTORIS\u00c9\u00a0: employ\u00e9s ou collaborateurs internes \u00e0 notre soci\u00e9t\u00e9<\/strong> ayant re\u00e7u une autorisation et une formation sp\u00e9cifiques pour traiter les donn\u00e9es selon leurs fonctions.<\/p>\n<p><strong>DESTINATAIRES\u00a0:<\/strong> entit\u00e9s recevant les donn\u00e9es personnelles du Responsable et agissant en tant que responsables ind\u00e9pendants, notamment\u00a0:<\/p>\n<ul>\n<li><strong>Facebook, Instagram et autres plateformes<\/strong>. En cliquant sur leurs ic\u00f4nes, vous \u00eates redirig\u00e9 vers des pages externes au site web et acceptez de partager certaines de vos donn\u00e9es avec les responsables de ce service. Les informations partag\u00e9es seront soumises aux politiques de confidentialit\u00e9 du r\u00e9seau social ou de la plateforme choisie\u00a0;<\/li>\n<li><strong>Service Messenger de Facebook et WhatsApp.<\/strong> Le m\u00eame principe s\u2019applique lorsque vous chattez avec nous via notre page Facebook et\/ou notre contact WhatsApp. Dans ces cas \u00e9galement, vous acceptez de partager certaines de vos donn\u00e9es avec Facebook et\/ou WhatsApp et les informations partag\u00e9es seront soumises aux politiques de confidentialit\u00e9 du r\u00e9seau social\u00a0;<\/li>\n<li><strong>Google Maps.<\/strong> Lorsque vous acc\u00e9dez \u00e0 Google Maps pour obtenir des indications sur la localisation de notre \u00e9tablissement, veuillez noter que vous serez soumis aux politiques de confidentialit\u00e9 de Google ;<\/li>\n<li><strong>Ermes Hotels<\/strong>. Il s\u2019agit d\u2019un service de r\u00e9servation en ligne permettant de g\u00e9rer votre r\u00e9servation. En proc\u00e9dant \u00e0 la r\u00e9servation, vous consentez au traitement de vos donn\u00e9es personnelles\u00a0;<\/li>\n<li><strong>Domaines d\u2019autres \u00e9tablissements d\u2019h\u00e9bergement<\/strong>, o\u00f9 vous trouverez leurs propres politiques de confidentialit\u00e9.<\/li>\n<\/ul>\n<p>[\/vc_column_text][\/vc_column][\/vc_row]<\/p>\n","protected":false},"excerpt":{"rendered":"<p>[vc_row el_class=\u00a0\u00bbcontainer mx-auto\u00a0\u00bb][vc_column][vc_empty_space height=\u00a0\u00bb40&Prime;][vc_custom_heading text=\u00a0\u00bbPRIVACY POLICY\u00a0\u00bb use_theme_fonts=\u00a0\u00bbyes\u00a0\u00bb][vc_column_text]Le responsable du traitement est GREENBLU S.r.l. Les co-responsables sont GETUR LEVANTE S.r.l. et <\/p>\n","protected":false},"author":12,"featured_media":0,"parent":0,"menu_order":0,"comment_status":"closed","ping_status":"closed","template":"page-templates\/fullwidthpage.php","meta":[],"yoast_head":"<!-- This site is optimized with the Yoast SEO plugin v19.13 - https:\/\/yoast.com\/wordpress\/plugins\/seo\/ -->\n<title>Privacy Policy | Resort 5 stelle | Borgobianco Resort &amp; Spa<\/title>\n<meta name=\"description\" content=\"In questa pagina si descrivono le modalit\u00e0 e le logiche del trattamento dei dati personali degli utenti che consultano il sito.\" \/>\n<meta name=\"robots\" content=\"index, follow, max-snippet:-1, max-image-preview:large, max-video-preview:-1\" \/>\n<link rel=\"canonical\" href=\"https:\/\/borgobianco.it\/fr\/privacy-policy\/\" \/>\n<meta property=\"og:locale\" content=\"fr_FR\" \/>\n<meta property=\"og:type\" content=\"article\" \/>\n<meta property=\"og:title\" content=\"Privacy Policy | Resort 5 stelle | Borgobianco Resort &amp; Spa\" \/>\n<meta property=\"og:description\" content=\"In questa pagina si descrivono le modalit\u00e0 e le logiche del trattamento dei dati personali degli utenti che consultano il sito.\" \/>\n<meta property=\"og:url\" content=\"https:\/\/borgobianco.it\/fr\/privacy-policy\/\" \/>\n<meta property=\"og:site_name\" content=\"Borgobianco\" \/>\n<meta property=\"article:publisher\" content=\"https:\/\/www.facebook.com\/BorgobiancoResort\" \/>\n<meta property=\"article:modified_time\" content=\"2026-03-19T15:46:00+00:00\" \/>\n<meta name=\"twitter:label1\" content=\"Dur\u00e9e de lecture estim\u00e9e\" \/>\n\t<meta name=\"twitter:data1\" content=\"10 minutes\" \/>\n<script type=\"application\/ld+json\" class=\"yoast-schema-graph\">{\"@context\":\"https:\/\/schema.org\",\"@graph\":[{\"@type\":\"WebPage\",\"@id\":\"https:\/\/borgobianco.it\/fr\/privacy-policy\/\",\"url\":\"https:\/\/borgobianco.it\/fr\/privacy-policy\/\",\"name\":\"Privacy Policy | Resort 5 stelle | Borgobianco Resort & Spa\",\"isPartOf\":{\"@id\":\"https:\/\/borgobianco.it\/#website\"},\"datePublished\":\"2019-04-12T09:37:10+00:00\",\"dateModified\":\"2026-03-19T15:46:00+00:00\",\"description\":\"In questa pagina si descrivono le modalit\u00e0 e le logiche del trattamento dei dati personali degli utenti che consultano il sito.\",\"breadcrumb\":{\"@id\":\"https:\/\/borgobianco.it\/fr\/privacy-policy\/#breadcrumb\"},\"inLanguage\":\"fr-FR\",\"potentialAction\":[{\"@type\":\"ReadAction\",\"target\":[\"https:\/\/borgobianco.it\/fr\/privacy-policy\/\"]}]},{\"@type\":\"BreadcrumbList\",\"@id\":\"https:\/\/borgobianco.it\/fr\/privacy-policy\/#breadcrumb\",\"itemListElement\":[{\"@type\":\"ListItem\",\"position\":1,\"name\":\"Home\",\"item\":\"https:\/\/borgobianco.it\/fr\/\"},{\"@type\":\"ListItem\",\"position\":2,\"name\":\"Privacy Policy\"}]},{\"@type\":\"WebSite\",\"@id\":\"https:\/\/borgobianco.it\/#website\",\"url\":\"https:\/\/borgobianco.it\/\",\"name\":\"Borgobianco\",\"description\":\"Resort &amp; SPA\",\"publisher\":{\"@id\":\"https:\/\/borgobianco.it\/#organization\"},\"potentialAction\":[{\"@type\":\"SearchAction\",\"target\":{\"@type\":\"EntryPoint\",\"urlTemplate\":\"https:\/\/borgobianco.it\/?s={search_term_string}\"},\"query-input\":\"required name=search_term_string\"}],\"inLanguage\":\"fr-FR\"},{\"@type\":\"Organization\",\"@id\":\"https:\/\/borgobianco.it\/#organization\",\"name\":\"Borgobianco Resort & SPA\",\"url\":\"https:\/\/borgobianco.it\/\",\"logo\":{\"@type\":\"ImageObject\",\"inLanguage\":\"fr-FR\",\"@id\":\"https:\/\/borgobianco.it\/#\/schema\/logo\/image\/\",\"url\":\"\",\"contentUrl\":\"\",\"caption\":\"Borgobianco Resort & SPA\"},\"image\":{\"@id\":\"https:\/\/borgobianco.it\/#\/schema\/logo\/image\/\"},\"sameAs\":[\"https:\/\/www.instagram.com\/borgobiancoresortspa\/\",\"https:\/\/www.facebook.com\/BorgobiancoResort\"]}]}<\/script>\n<!-- \/ Yoast SEO plugin. -->","yoast_head_json":{"title":"Privacy Policy | Resort 5 stelle | Borgobianco Resort & Spa","description":"In questa pagina si descrivono le modalit\u00e0 e le logiche del trattamento dei dati personali degli utenti che consultano il sito.","robots":{"index":"index","follow":"follow","max-snippet":"max-snippet:-1","max-image-preview":"max-image-preview:large","max-video-preview":"max-video-preview:-1"},"canonical":"https:\/\/borgobianco.it\/fr\/privacy-policy\/","og_locale":"fr_FR","og_type":"article","og_title":"Privacy Policy | Resort 5 stelle | Borgobianco Resort & Spa","og_description":"In questa pagina si descrivono le modalit\u00e0 e le logiche del trattamento dei dati personali degli utenti che consultano il sito.","og_url":"https:\/\/borgobianco.it\/fr\/privacy-policy\/","og_site_name":"Borgobianco","article_publisher":"https:\/\/www.facebook.com\/BorgobiancoResort","article_modified_time":"2026-03-19T15:46:00+00:00","twitter_misc":{"Dur\u00e9e de lecture estim\u00e9e":"10 minutes"},"schema":{"@context":"https:\/\/schema.org","@graph":[{"@type":"WebPage","@id":"https:\/\/borgobianco.it\/fr\/privacy-policy\/","url":"https:\/\/borgobianco.it\/fr\/privacy-policy\/","name":"Privacy Policy | Resort 5 stelle | Borgobianco Resort & Spa","isPartOf":{"@id":"https:\/\/borgobianco.it\/#website"},"datePublished":"2019-04-12T09:37:10+00:00","dateModified":"2026-03-19T15:46:00+00:00","description":"In questa pagina si descrivono le modalit\u00e0 e le logiche del trattamento dei dati personali degli utenti che consultano il sito.","breadcrumb":{"@id":"https:\/\/borgobianco.it\/fr\/privacy-policy\/#breadcrumb"},"inLanguage":"fr-FR","potentialAction":[{"@type":"ReadAction","target":["https:\/\/borgobianco.it\/fr\/privacy-policy\/"]}]},{"@type":"BreadcrumbList","@id":"https:\/\/borgobianco.it\/fr\/privacy-policy\/#breadcrumb","itemListElement":[{"@type":"ListItem","position":1,"name":"Home","item":"https:\/\/borgobianco.it\/fr\/"},{"@type":"ListItem","position":2,"name":"Privacy Policy"}]},{"@type":"WebSite","@id":"https:\/\/borgobianco.it\/#website","url":"https:\/\/borgobianco.it\/","name":"Borgobianco","description":"Resort &amp; SPA","publisher":{"@id":"https:\/\/borgobianco.it\/#organization"},"potentialAction":[{"@type":"SearchAction","target":{"@type":"EntryPoint","urlTemplate":"https:\/\/borgobianco.it\/?s={search_term_string}"},"query-input":"required name=search_term_string"}],"inLanguage":"fr-FR"},{"@type":"Organization","@id":"https:\/\/borgobianco.it\/#organization","name":"Borgobianco Resort & SPA","url":"https:\/\/borgobianco.it\/","logo":{"@type":"ImageObject","inLanguage":"fr-FR","@id":"https:\/\/borgobianco.it\/#\/schema\/logo\/image\/","url":"","contentUrl":"","caption":"Borgobianco Resort & SPA"},"image":{"@id":"https:\/\/borgobianco.it\/#\/schema\/logo\/image\/"},"sameAs":["https:\/\/www.instagram.com\/borgobiancoresortspa\/","https:\/\/www.facebook.com\/BorgobiancoResort"]}]}},"_links":{"self":[{"href":"https:\/\/borgobianco.it\/fr\/wp-json\/wp\/v2\/pages\/15073"}],"collection":[{"href":"https:\/\/borgobianco.it\/fr\/wp-json\/wp\/v2\/pages"}],"about":[{"href":"https:\/\/borgobianco.it\/fr\/wp-json\/wp\/v2\/types\/page"}],"author":[{"embeddable":true,"href":"https:\/\/borgobianco.it\/fr\/wp-json\/wp\/v2\/users\/12"}],"replies":[{"embeddable":true,"href":"https:\/\/borgobianco.it\/fr\/wp-json\/wp\/v2\/comments?post=15073"}],"version-history":[{"count":1,"href":"https:\/\/borgobianco.it\/fr\/wp-json\/wp\/v2\/pages\/15073\/revisions"}],"predecessor-version":[{"id":15078,"href":"https:\/\/borgobianco.it\/fr\/wp-json\/wp\/v2\/pages\/15073\/revisions\/15078"}],"wp:attachment":[{"href":"https:\/\/borgobianco.it\/fr\/wp-json\/wp\/v2\/media?parent=15073"}],"curies":[{"name":"wp","href":"https:\/\/api.w.org\/{rel}","templated":true}]}}