{"id":10847,"date":"2022-12-30T10:50:45","date_gmt":"2022-12-30T09:50:45","guid":{"rendered":"https:\/\/borgobianco.it\/territoire\/"},"modified":"2022-12-30T10:50:46","modified_gmt":"2022-12-30T09:50:46","slug":"territoire","status":"publish","type":"page","link":"https:\/\/borgobianco.it\/fr\/territoire\/","title":{"rendered":"Territoire"},"content":{"rendered":"<p>[vc_row css_animation=\u00a0\u00bbfadeInLeft\u00a0\u00bb el_class=\u00a0\u00bbcontainer mx-auto\u00a0\u00bb css=\u00a0\u00bb.vc_custom_1596893076642{margin-top: 50px !important;margin-bottom: 50px !important;}\u00a0\u00bb][vc_column][vc_empty_space height=\u00a0\u00bb80px\u00a0\u00bb][vc_row_inner content_placement=\u00a0\u00bbmiddle\u00a0\u00bb el_class=\u00a0\u00bbwant-to__text\u00a0\u00bb][vc_column_inner el_class=\u00a0\u00bbtext-center text-block3&Prime; css=\u00a0\u00bb.vc_custom_1597330318614{padding-top: 50px !important;padding-right: 50px !important;padding-bottom: 50px !important;padding-left: 50px !important;background-color: #e9e1d5 !important;}\u00a0\u00bb offset=\u00a0\u00bbvc_col-lg-4&Prime;][vc_column_text]<\/p>\n<h2 style=\"text-align: center;\">Ostuni<\/h2>\n<p>[\/vc_column_text][vc_column_text]Ostuni est connue comme la \u00ab\u00a0ville blanche\u00a0\u00bb en raison de la couleur blanche caract\u00e9ristique des murs des maisons de son ancien village.<br \/>\nNe manquez pas la cath\u00e9drale et le portail de l&rsquo;\u00e9glise du Saint-Esprit, datant de 1450, aujourd&rsquo;hui reconnue comme monument national.<\/p>\n<p>Un attrait important de la ville, est la c\u00f4te avec ses 17 kilom\u00e8tres de plages, caracteris\u00e9es par les eaux cristallines et les plages dor\u00e9es, au point d&rsquo;\u00eatre consid\u00e9r\u00e9e la mer la plus pure d\u2019Italie et de m\u00e9riter le Drapeau Bleu et le \u00ab\u00a05 Voiles\u00a0\u00bb d\u00e9cern\u00e9 par Legambiente d&rsquo;Italie.[\/vc_column_text][vc_column_text][\/vc_column_text][\/vc_column_inner][vc_column_inner el_class=\u00a0\u00bbslider-spa\u00a0\u00bb offset=\u00a0\u00bbvc_col-lg-8&Prime;][vc_carousel_father arrow=\u00a0\u00bbtrue\u00a0\u00bb arrowclr=\u00a0\u00bb#ffffff\u00a0\u00bb arrowsize=\u00a0\u00bb20px\u00a0\u00bb dotclr=\u00a0\u00bb#be8844&Prime;][vc_carousel_son titlesize=\u00a0\u00bb\u00a0\u00bb image_id=\u00a0\u00bb6573&Prime; img_height=\u00a0\u00bb600px\u00a0\u00bb][\/vc_carousel_son][\/vc_carousel_father][\/vc_column_inner][\/vc_row_inner][vc_empty_space][\/vc_column][\/vc_row][vc_row el_class=\u00a0\u00bbcontainer mx-auto\u00a0\u00bb][vc_column offset=\u00a0\u00bbvc_hidden-xs\u00a0\u00bb][vc_empty_space height=\u00a0\u00bb35px\u00a0\u00bb][vc_row_inner content_placement=\u00a0\u00bbmiddle\u00a0\u00bb el_class=\u00a0\u00bbwant-to__text\u00a0\u00bb][vc_column_inner el_class=\u00a0\u00bbslider-spa\u00a0\u00bb offset=\u00a0\u00bbvc_col-lg-8&Prime;][vc_carousel_father arrow=\u00a0\u00bbtrue\u00a0\u00bb arrowclr=\u00a0\u00bb#ffffff\u00a0\u00bb arrowsize=\u00a0\u00bb20px\u00a0\u00bb dotclr=\u00a0\u00bb#be8844&Prime;][vc_carousel_son titlesize=\u00a0\u00bb\u00a0\u00bb image_id=\u00a0\u00bb6575&Prime; img_height=\u00a0\u00bb600px\u00a0\u00bb][\/vc_carousel_son][\/vc_carousel_father][\/vc_column_inner][vc_column_inner el_class=\u00a0\u00bbtext-center text-block2&Prime; css=\u00a0\u00bb.vc_custom_1597330376404{padding-top: 50px !important;padding-right: 50px !important;padding-bottom: 50px !important;padding-left: 50px !important;background-color: #e9e1d5 !important;}\u00a0\u00bb offset=\u00a0\u00bbvc_col-lg-4&Prime;][vc_column_text]<\/p>\n<h2 style=\"text-align: center;\">Torre Guaceto<\/h2>\n<p>[\/vc_column_text][vc_column_text]L\u2019Oasis de Torre Guaceto est une r\u00e9serve naturelle qui se ramifie long plus de 8 kilom\u00e8tres de c\u00f4te Dans cette r\u00e9gion, ils ont \u00e9t\u00e9 retrouv\u00e9 des vestiges de l&rsquo;\u00c2ge du Bronze provenant d\u2019un village n\u00e9olithique.<\/p>\n<p>Destination parfaite pour les amat\u00e9urs du snorkeling et pour ceux qui d\u00e9sirent vivre des aventures inoubliables.<\/p>\n<p>Dans 2019, l\u2019un des plus importants institutions mondiales pour la protection marine, le Marine Conservation Institute de Oslo, il a conf\u00e9r\u00e9 le Blue Park Award \u00e0 la R\u00e9serve naturelle de Torre Guaceto.[\/vc_column_text][vc_column_text][\/vc_column_text][\/vc_column_inner][\/vc_row_inner][\/vc_column][\/vc_row][vc_row css_animation=\u00a0\u00bbfadeInLeft\u00a0\u00bb el_class=\u00a0\u00bbcontainer mx-auto\u00a0\u00bb css=\u00a0\u00bb.vc_custom_1596893076642{margin-top: 50px !important;margin-bottom: 50px !important;}\u00a0\u00bb][vc_column][vc_empty_space height=\u00a0\u00bb80px\u00a0\u00bb][vc_row_inner content_placement=\u00a0\u00bbmiddle\u00a0\u00bb el_class=\u00a0\u00bbwant-to__text\u00a0\u00bb][vc_column_inner el_class=\u00a0\u00bbtext-center text-block3&Prime; css=\u00a0\u00bb.vc_custom_1597330385046{padding-top: 50px !important;padding-right: 50px !important;padding-bottom: 50px !important;padding-left: 50px !important;background-color: #e9e1d5 !important;}\u00a0\u00bb offset=\u00a0\u00bbvc_col-lg-4&Prime;][vc_column_text]<\/p>\n<h2 style=\"text-align: center;\">Polignano a mare<\/h2>\n<p>[\/vc_column_text][vc_column_text]Un petit \u00e9crin suspendu entre ciel et mer<\/p>\n<p>La visite du bourg m\u00e9di\u00e9val de cette ville splendide, commence apr\u00e9s avoir travers\u00e9 l\u2019Arco Marchesale, point unique d\u2019acc\u00e8s \u00e0 la vieille ville. Une fois dans le centre ville, vous serez s\u00e9duits par les couleurs des c\u00e9ramiques des Pouilles, par les parfums et les ar\u00f4mes de la d\u00e9licieuse cuisine locale, par la beaut\u00e9 des ruelles \u00e9troites qui m\u00e8nent \u00e0 la vue panoramique \u00e9vocatrice qui surplombe la mer.<\/p>\n<p>Un regard sur Lama Monachile et un plongen \u201cDans le bleu peint de bleu\u201d (comme le cite la chanson de Domenico Modugno \u201cVolare\u201d) des eaux de Cala Paura, feront de votre s\u00e9jour un souvenir inoubliable.[\/vc_column_text][vc_column_text][\/vc_column_text][\/vc_column_inner][vc_column_inner el_class=\u00a0\u00bbslider-spa\u00a0\u00bb offset=\u00a0\u00bbvc_col-lg-8&Prime;][vc_carousel_father arrow=\u00a0\u00bbtrue\u00a0\u00bb arrowclr=\u00a0\u00bb#ffffff\u00a0\u00bb arrowsize=\u00a0\u00bb20px\u00a0\u00bb dotclr=\u00a0\u00bb#be8844&Prime;][vc_carousel_son titlesize=\u00a0\u00bb\u00a0\u00bb image_id=\u00a0\u00bb6417&Prime; img_height=\u00a0\u00bb600px\u00a0\u00bb][\/vc_carousel_son][\/vc_carousel_father][\/vc_column_inner][\/vc_row_inner][vc_empty_space][\/vc_column][\/vc_row][vc_row el_class=\u00a0\u00bbcontainer mx-auto\u00a0\u00bb][vc_column offset=\u00a0\u00bbvc_hidden-xs\u00a0\u00bb][vc_empty_space height=\u00a0\u00bb35px\u00a0\u00bb][vc_row_inner content_placement=\u00a0\u00bbmiddle\u00a0\u00bb el_class=\u00a0\u00bbwant-to__text\u00a0\u00bb][vc_column_inner el_class=\u00a0\u00bbslider-spa\u00a0\u00bb offset=\u00a0\u00bbvc_col-lg-8&Prime;][vc_carousel_father arrow=\u00a0\u00bbtrue\u00a0\u00bb arrowclr=\u00a0\u00bb#ffffff\u00a0\u00bb arrowsize=\u00a0\u00bb20px\u00a0\u00bb dotclr=\u00a0\u00bb#be8844&Prime;][vc_carousel_son titlesize=\u00a0\u00bb\u00a0\u00bb image_id=\u00a0\u00bb6577&Prime; img_height=\u00a0\u00bb600px\u00a0\u00bb][\/vc_carousel_son][\/vc_carousel_father][\/vc_column_inner][vc_column_inner el_class=\u00a0\u00bbtext-center text-block2&Prime; css=\u00a0\u00bb.vc_custom_1597330406725{padding-top: 50px !important;padding-right: 50px !important;padding-bottom: 50px !important;padding-left: 50px !important;background-color: #e9e1d5 !important;}\u00a0\u00bb offset=\u00a0\u00bbvc_col-lg-4&Prime;][vc_column_text]<\/p>\n<h2 style=\"text-align: center;\">Monopoli<\/h2>\n<p>[\/vc_column_text][vc_column_text]Ville au charme enchanteur, connue pour ses longues plages dor\u00e9es et sa mer cristalline. Monopoli se dresse sur 15 km de c\u00f4tes accident\u00e9es, la fiert\u00e9 de cette belle ville est le port, anim\u00e9 chaque jour par les voix des p\u00eacheurs et par les couleurs et le chant des vagues de la mer.<\/p>\n<p>Pour prot\u00e9ger le port, il y a le ch\u00e2teau de Charles Quint, de forme pentagonale, construit au XVIe si\u00e8cle au bout d&rsquo;une bande de terre s&rsquo;\u00e9tendant vers la mer. \u00c0 l&rsquo;int\u00e9rieur du centre historique, vous pourrez d\u00e9guster les plats typiques de la tradition et vous aventurer \u00e0 la d\u00e9couverte de l&rsquo;architecture typique des villages des Pouilles.[\/vc_column_text][vc_column_text][\/vc_column_text][\/vc_column_inner][\/vc_row_inner][\/vc_column][\/vc_row][vc_row css_animation=\u00a0\u00bbfadeInLeft\u00a0\u00bb el_class=\u00a0\u00bbcontainer mx-auto\u00a0\u00bb css=\u00a0\u00bb.vc_custom_1596893076642{margin-top: 50px !important;margin-bottom: 50px !important;}\u00a0\u00bb][vc_column][vc_empty_space height=\u00a0\u00bb80px\u00a0\u00bb][vc_row_inner content_placement=\u00a0\u00bbmiddle\u00a0\u00bb el_class=\u00a0\u00bbwant-to__text\u00a0\u00bb][vc_column_inner el_class=\u00a0\u00bbtext-center text-block3&Prime; css=\u00a0\u00bb.vc_custom_1597330415371{padding-top: 50px !important;padding-right: 50px !important;padding-bottom: 50px !important;padding-left: 50px !important;background-color: #e9e1d5 !important;}\u00a0\u00bb offset=\u00a0\u00bbvc_col-lg-4&Prime;][vc_column_text]<\/p>\n<h2 style=\"text-align: center;\">Castellana Grotte<\/h2>\n<p>[\/vc_column_text][vc_column_text]Un village caract\u00e9ristique situ\u00e9 dans l&rsquo;arri\u00e8re-pays de Bari, connu dans le monde entier pour les Grottes de Castellana, le complexe sp\u00e9l\u00e9ologique le plus important d&rsquo;Italie, \u00e0 quelques pas du centre ville, qui bifurque sous terre sur plus de 3 km, offrant aux visiteurs des paysages \u00e0 couper le souffle. Un chemin enchant\u00e9 \u00e0 70 m de profondeur entre stalactites et stalagmites, qui se termine par une visite de la Grotte Blanche, connue comme la grotte la plus brillante du monde.[\/vc_column_text][vc_column_text][\/vc_column_text][\/vc_column_inner][vc_column_inner el_class=\u00a0\u00bbslider-spa\u00a0\u00bb offset=\u00a0\u00bbvc_col-lg-8&Prime;][vc_carousel_father arrow=\u00a0\u00bbtrue\u00a0\u00bb arrowclr=\u00a0\u00bb#ffffff\u00a0\u00bb arrowsize=\u00a0\u00bb20px\u00a0\u00bb dotclr=\u00a0\u00bb#be8844&Prime;][vc_carousel_son titlesize=\u00a0\u00bb\u00a0\u00bb image_id=\u00a0\u00bb6579&Prime; img_height=\u00a0\u00bb600px\u00a0\u00bb][\/vc_carousel_son][\/vc_carousel_father][\/vc_column_inner][\/vc_row_inner][vc_empty_space][\/vc_column][\/vc_row][vc_row el_class=\u00a0\u00bbcontainer mx-auto\u00a0\u00bb][vc_column offset=\u00a0\u00bbvc_hidden-xs\u00a0\u00bb][vc_empty_space height=\u00a0\u00bb35px\u00a0\u00bb][vc_row_inner content_placement=\u00a0\u00bbmiddle\u00a0\u00bb el_class=\u00a0\u00bbwant-to__text\u00a0\u00bb][vc_column_inner el_class=\u00a0\u00bbslider-spa\u00a0\u00bb offset=\u00a0\u00bbvc_col-lg-8&Prime;][vc_carousel_father arrow=\u00a0\u00bbtrue\u00a0\u00bb arrowclr=\u00a0\u00bb#ffffff\u00a0\u00bb arrowsize=\u00a0\u00bb20px\u00a0\u00bb dotclr=\u00a0\u00bb#be8844&Prime;][vc_carousel_son titlesize=\u00a0\u00bb\u00a0\u00bb image_id=\u00a0\u00bb6581&Prime; img_height=\u00a0\u00bb600px\u00a0\u00bb][\/vc_carousel_son][\/vc_carousel_father][\/vc_column_inner][vc_column_inner el_class=\u00a0\u00bbtext-center text-block2&Prime; css=\u00a0\u00bb.vc_custom_1597330444884{padding-top: 50px !important;padding-right: 50px !important;padding-bottom: 50px !important;padding-left: 50px !important;background-color: #e9e1d5 !important;}\u00a0\u00bb offset=\u00a0\u00bbvc_col-lg-4&Prime;][vc_column_text]<\/p>\n<h2 style=\"text-align: center;\">Alberobello<\/h2>\n<p>[\/vc_column_text][vc_column_text]Alberobello est la c\u00e9l\u00e8bre ville des trulli, anciennes maisons construites en pierre s\u00e8che \u00e0 la chaux blanche, avec un toit en forme de c\u00f4ne, souvent agr\u00e9ment\u00e9es de symboles zodiacaux ou religieux. En 1996, la ville a \u00e9t\u00e9 d\u00e9clar\u00e9e site du patrimoine mondial par l&rsquo;Unesco.<\/p>\n<p>A visiter, le Trullo Sovrano de deux \u00e9tages, l&rsquo;\u00e9glise en forme de trullo de San Antonio, la \u00ab\u00a0maison de l&rsquo;amour\u00a0\u00bb, aujourd&rsquo;hui un point d&rsquo;information touristique pr\u00e9cieux, et la basilique mineure des Santi Medici, qui abrite les images de la Vierge de Lorette et des saints patrons Cosma et Damiano, c\u00e9l\u00e9br\u00e9s les 27 et 28 septembre.[\/vc_column_text][vc_column_text][\/vc_column_text][\/vc_column_inner][\/vc_row_inner][\/vc_column][\/vc_row][vc_row][vc_column][vc_empty_space height=\u00a0\u00bb60px\u00a0\u00bb][\/vc_column][\/vc_row]<\/p>\n","protected":false},"excerpt":{"rendered":"<p>[vc_row css_animation=\u00a0\u00bbfadeInLeft\u00a0\u00bb el_class=\u00a0\u00bbcontainer mx-auto\u00a0\u00bb css=\u00a0\u00bb.vc_custom_1596893076642{margin-top: 50px !important;margin-bottom: 50px !important;}\u00a0\u00bb][vc_column][vc_empty_space height=\u00a0\u00bb80px\u00a0\u00bb][vc_row_inner content_placement=\u00a0\u00bbmiddle\u00a0\u00bb el_class=\u00a0\u00bbwant-to__text\u00a0\u00bb][vc_column_inner el_class=\u00a0\u00bbtext-center text-block3&Prime; css=\u00a0\u00bb.vc_custom_1597330318614{padding-top: 50px !important;padding-right: 50px !important;padding-bottom: 50px <\/p>\n","protected":false},"author":12,"featured_media":10602,"parent":0,"menu_order":0,"comment_status":"closed","ping_status":"closed","template":"page-templates\/fullwidthpage.php","meta":[],"yoast_head":"<!-- This site is optimized with the Yoast SEO plugin v19.13 - https:\/\/yoast.com\/wordpress\/plugins\/seo\/ -->\n<title>Lieux \u00e0 visiter dans les Pouilles | Borgobianco Resort &amp; SPA<\/title>\n<meta name=\"description\" content=\"Les Pouilles regorgent de lieux \u00e0 visiter : des lieux enchanteurs, des territoires uniques capables de donner des \u00e9motions. R\u00e9servez vos vacances maintenant!\" \/>\n<meta name=\"robots\" content=\"index, follow, max-snippet:-1, max-image-preview:large, max-video-preview:-1\" \/>\n<link rel=\"canonical\" href=\"https:\/\/borgobianco.it\/fr\/territoire\/\" \/>\n<meta property=\"og:locale\" content=\"fr_FR\" \/>\n<meta property=\"og:type\" content=\"article\" \/>\n<meta property=\"og:title\" content=\"Lieux \u00e0 visiter dans les Pouilles | Borgobianco Resort &amp; SPA\" \/>\n<meta property=\"og:description\" content=\"Les Pouilles regorgent de lieux \u00e0 visiter : des lieux enchanteurs, des territoires uniques capables de donner des \u00e9motions. R\u00e9servez vos vacances maintenant!\" \/>\n<meta property=\"og:url\" content=\"https:\/\/borgobianco.it\/fr\/territoire\/\" \/>\n<meta property=\"og:site_name\" content=\"Borgobianco\" \/>\n<meta property=\"article:publisher\" content=\"https:\/\/www.facebook.com\/BorgobiancoResort\" \/>\n<meta property=\"article:modified_time\" content=\"2022-12-30T09:50:46+00:00\" \/>\n<meta property=\"og:image\" content=\"https:\/\/borgobianco.it\/wp-content\/uploads\/2020\/08\/polignano3.jpg\" \/>\n\t<meta property=\"og:image:width\" content=\"1920\" \/>\n\t<meta property=\"og:image:height\" content=\"1281\" \/>\n\t<meta property=\"og:image:type\" content=\"image\/jpeg\" \/>\n<meta name=\"twitter:label1\" content=\"Dur\u00e9e de lecture estim\u00e9e\" \/>\n\t<meta name=\"twitter:data1\" content=\"7 minutes\" \/>\n<script type=\"application\/ld+json\" class=\"yoast-schema-graph\">{\"@context\":\"https:\/\/schema.org\",\"@graph\":[{\"@type\":\"WebPage\",\"@id\":\"https:\/\/borgobianco.it\/fr\/territoire\/\",\"url\":\"https:\/\/borgobianco.it\/fr\/territoire\/\",\"name\":\"Lieux \u00e0 visiter dans les Pouilles | Borgobianco Resort & SPA\",\"isPartOf\":{\"@id\":\"https:\/\/borgobianco.it\/#website\"},\"datePublished\":\"2022-12-30T09:50:45+00:00\",\"dateModified\":\"2022-12-30T09:50:46+00:00\",\"description\":\"Les Pouilles regorgent de lieux \u00e0 visiter : des lieux enchanteurs, des territoires uniques capables de donner des \u00e9motions. R\u00e9servez vos vacances maintenant!\",\"breadcrumb\":{\"@id\":\"https:\/\/borgobianco.it\/fr\/territoire\/#breadcrumb\"},\"inLanguage\":\"fr-FR\",\"potentialAction\":[{\"@type\":\"ReadAction\",\"target\":[\"https:\/\/borgobianco.it\/fr\/territoire\/\"]}]},{\"@type\":\"BreadcrumbList\",\"@id\":\"https:\/\/borgobianco.it\/fr\/territoire\/#breadcrumb\",\"itemListElement\":[{\"@type\":\"ListItem\",\"position\":1,\"name\":\"Home\",\"item\":\"https:\/\/borgobianco.it\/fr\/\"},{\"@type\":\"ListItem\",\"position\":2,\"name\":\"Territoire\"}]},{\"@type\":\"WebSite\",\"@id\":\"https:\/\/borgobianco.it\/#website\",\"url\":\"https:\/\/borgobianco.it\/\",\"name\":\"Borgobianco\",\"description\":\"Resort &amp; SPA\",\"publisher\":{\"@id\":\"https:\/\/borgobianco.it\/#organization\"},\"potentialAction\":[{\"@type\":\"SearchAction\",\"target\":{\"@type\":\"EntryPoint\",\"urlTemplate\":\"https:\/\/borgobianco.it\/?s={search_term_string}\"},\"query-input\":\"required name=search_term_string\"}],\"inLanguage\":\"fr-FR\"},{\"@type\":\"Organization\",\"@id\":\"https:\/\/borgobianco.it\/#organization\",\"name\":\"Borgobianco Resort & SPA\",\"url\":\"https:\/\/borgobianco.it\/\",\"logo\":{\"@type\":\"ImageObject\",\"inLanguage\":\"fr-FR\",\"@id\":\"https:\/\/borgobianco.it\/#\/schema\/logo\/image\/\",\"url\":\"\",\"contentUrl\":\"\",\"caption\":\"Borgobianco Resort & SPA\"},\"image\":{\"@id\":\"https:\/\/borgobianco.it\/#\/schema\/logo\/image\/\"},\"sameAs\":[\"https:\/\/www.instagram.com\/borgobiancoresortspa\/\",\"https:\/\/www.facebook.com\/BorgobiancoResort\"]}]}<\/script>\n<!-- \/ Yoast SEO plugin. -->","yoast_head_json":{"title":"Lieux \u00e0 visiter dans les Pouilles | Borgobianco Resort & SPA","description":"Les Pouilles regorgent de lieux \u00e0 visiter : des lieux enchanteurs, des territoires uniques capables de donner des \u00e9motions. R\u00e9servez vos vacances maintenant!","robots":{"index":"index","follow":"follow","max-snippet":"max-snippet:-1","max-image-preview":"max-image-preview:large","max-video-preview":"max-video-preview:-1"},"canonical":"https:\/\/borgobianco.it\/fr\/territoire\/","og_locale":"fr_FR","og_type":"article","og_title":"Lieux \u00e0 visiter dans les Pouilles | Borgobianco Resort & SPA","og_description":"Les Pouilles regorgent de lieux \u00e0 visiter : des lieux enchanteurs, des territoires uniques capables de donner des \u00e9motions. R\u00e9servez vos vacances maintenant!","og_url":"https:\/\/borgobianco.it\/fr\/territoire\/","og_site_name":"Borgobianco","article_publisher":"https:\/\/www.facebook.com\/BorgobiancoResort","article_modified_time":"2022-12-30T09:50:46+00:00","og_image":[{"width":1920,"height":1281,"url":"https:\/\/borgobianco.it\/wp-content\/uploads\/2020\/08\/polignano3.jpg","type":"image\/jpeg"}],"twitter_misc":{"Dur\u00e9e de lecture estim\u00e9e":"7 minutes"},"schema":{"@context":"https:\/\/schema.org","@graph":[{"@type":"WebPage","@id":"https:\/\/borgobianco.it\/fr\/territoire\/","url":"https:\/\/borgobianco.it\/fr\/territoire\/","name":"Lieux \u00e0 visiter dans les Pouilles | Borgobianco Resort & SPA","isPartOf":{"@id":"https:\/\/borgobianco.it\/#website"},"datePublished":"2022-12-30T09:50:45+00:00","dateModified":"2022-12-30T09:50:46+00:00","description":"Les Pouilles regorgent de lieux \u00e0 visiter : des lieux enchanteurs, des territoires uniques capables de donner des \u00e9motions. R\u00e9servez vos vacances maintenant!","breadcrumb":{"@id":"https:\/\/borgobianco.it\/fr\/territoire\/#breadcrumb"},"inLanguage":"fr-FR","potentialAction":[{"@type":"ReadAction","target":["https:\/\/borgobianco.it\/fr\/territoire\/"]}]},{"@type":"BreadcrumbList","@id":"https:\/\/borgobianco.it\/fr\/territoire\/#breadcrumb","itemListElement":[{"@type":"ListItem","position":1,"name":"Home","item":"https:\/\/borgobianco.it\/fr\/"},{"@type":"ListItem","position":2,"name":"Territoire"}]},{"@type":"WebSite","@id":"https:\/\/borgobianco.it\/#website","url":"https:\/\/borgobianco.it\/","name":"Borgobianco","description":"Resort &amp; SPA","publisher":{"@id":"https:\/\/borgobianco.it\/#organization"},"potentialAction":[{"@type":"SearchAction","target":{"@type":"EntryPoint","urlTemplate":"https:\/\/borgobianco.it\/?s={search_term_string}"},"query-input":"required name=search_term_string"}],"inLanguage":"fr-FR"},{"@type":"Organization","@id":"https:\/\/borgobianco.it\/#organization","name":"Borgobianco Resort & SPA","url":"https:\/\/borgobianco.it\/","logo":{"@type":"ImageObject","inLanguage":"fr-FR","@id":"https:\/\/borgobianco.it\/#\/schema\/logo\/image\/","url":"","contentUrl":"","caption":"Borgobianco Resort & SPA"},"image":{"@id":"https:\/\/borgobianco.it\/#\/schema\/logo\/image\/"},"sameAs":["https:\/\/www.instagram.com\/borgobiancoresortspa\/","https:\/\/www.facebook.com\/BorgobiancoResort"]}]}},"_links":{"self":[{"href":"https:\/\/borgobianco.it\/fr\/wp-json\/wp\/v2\/pages\/10847"}],"collection":[{"href":"https:\/\/borgobianco.it\/fr\/wp-json\/wp\/v2\/pages"}],"about":[{"href":"https:\/\/borgobianco.it\/fr\/wp-json\/wp\/v2\/types\/page"}],"author":[{"embeddable":true,"href":"https:\/\/borgobianco.it\/fr\/wp-json\/wp\/v2\/users\/12"}],"replies":[{"embeddable":true,"href":"https:\/\/borgobianco.it\/fr\/wp-json\/wp\/v2\/comments?post=10847"}],"version-history":[{"count":2,"href":"https:\/\/borgobianco.it\/fr\/wp-json\/wp\/v2\/pages\/10847\/revisions"}],"predecessor-version":[{"id":10849,"href":"https:\/\/borgobianco.it\/fr\/wp-json\/wp\/v2\/pages\/10847\/revisions\/10849"}],"wp:featuredmedia":[{"embeddable":true,"href":"https:\/\/borgobianco.it\/fr\/wp-json\/wp\/v2\/media\/10602"}],"wp:attachment":[{"href":"https:\/\/borgobianco.it\/fr\/wp-json\/wp\/v2\/media?parent=10847"}],"curies":[{"name":"wp","href":"https:\/\/api.w.org\/{rel}","templated":true}]}}