{"id":10824,"date":"2022-12-30T10:41:47","date_gmt":"2022-12-30T09:41:47","guid":{"rendered":"https:\/\/borgobianco.it\/?page_id=10824"},"modified":"2026-03-30T18:05:52","modified_gmt":"2026-03-30T16:05:52","slug":"unica-spa","status":"publish","type":"page","link":"https:\/\/borgobianco.it\/fr\/unica-spa\/","title":{"rendered":"Unica SPA"},"content":{"rendered":"<p>[vc_row][vc_column offset=\u00a0\u00bbvc_hidden-xs\u00a0\u00bb][vc_empty_space height=\u00a0\u00bb100px\u00a0\u00bb][\/vc_column][\/vc_row][vc_row gap=\u00a0\u00bb30&Prime; equal_height=\u00a0\u00bbyes\u00a0\u00bb content_placement=\u00a0\u00bbmiddle\u00a0\u00bb css=\u00a0\u00bb.vc_custom_1597246867848{padding-right: 15px !important;padding-left: 15px !important;}\u00a0\u00bb el_class=\u00a0\u00bbcontainer mx-auto\u00a0\u00bb][vc_column css_animation=\u00a0\u00bbfadeInLeft\u00a0\u00bb css=\u00a0\u00bb.vc_custom_1597329725947{padding-top: 0px !important;padding-right: 0px !important;padding-bottom: 0px !important;padding-left: 0px !important;}\u00a0\u00bb el_class=\u00a0\u00bb.gallery-before\u00a0\u00bb offset=\u00a0\u00bbvc_col-lg-6&Prime;][vc_row_inner][vc_column_inner width=\u00a0\u00bb1\/2&Prime;][vc_single_image image=\u00a0\u00bb10665&Prime; img_size=\u00a0\u00bb318&#215;550&Prime; alignment=\u00a0\u00bbcenter\u00a0\u00bb][\/vc_column_inner][vc_column_inner width=\u00a0\u00bb1\/2&Prime;][vc_single_image image=\u00a0\u00bb10664&Prime; img_size=\u00a0\u00bb318&#215;550&Prime; alignment=\u00a0\u00bbcenter\u00a0\u00bb][\/vc_column_inner][\/vc_row_inner][\/vc_column][vc_column css_animation=\u00a0\u00bbfadeInRight\u00a0\u00bb css=\u00a0\u00bb.vc_custom_1597329800595{background-color: #ffffff !important;}\u00a0\u00bb el_class=\u00a0\u00bbbox_padding_50&Prime; offset=\u00a0\u00bbvc_col-lg-6&Prime;][vc_column_text css=\u00a0\u00bb.vc_custom_1597246846100{margin-bottom: 0px !important;border-bottom-width: 0px !important;}\u00a0\u00bb]<\/p>\n<h4 class=\"top-title-section\" style=\"color: #be8844; text-align: center;\">Cocooning corps et \u00e9sprit<\/h4>\n<h2 style=\"text-align: center;\">Unica SPA<\/h2>\n<p>[\/vc_column_text][vc_empty_space height=\u00a0\u00bb20px\u00a0\u00bb][vc_column_text css=\u00a0\u00bb.vc_custom_1597246910521{margin-bottom: 0px !important;padding-top: 0px !important;padding-right: 0px !important;padding-bottom: 0px !important;padding-left: 0px !important;}\u00a0\u00bb]<\/p>\n<p style=\"text-align: center;\"><span style=\"color: #3f494b;\"><span style=\"font-family: Arial, serif;\"><span style=\"font-size: medium;\"><br \/>\nPrenez soin de vous dans notre Spa de pr\u00e8s de 1 000 m\u00b2 dot\u00e9 de piscine d\u2019eau chauff\u00e9e avec hydro-jets, sauna*, hammam* et salle de gym; ici, des massages intenses, r\u00e9alis\u00e9s par nos sp\u00e9cialistes, vous permettront de retrouver votre vitalit\u00e9 et de vous recharger en \u00e9nergie.<br \/>\nUne experience inoubliable dans un univers dedi\u00e9 \u00e0 la beaut\u00e9, au calm et \u00e0 l\u2019\u00e9legance.<br \/>\nUn espace bien-\u00eatre de charme que vous ne voudrez plus quitter o\u00f9 recevoir. Un espace dedi\u00e9 au cocooning et \u00e0 la d\u00e9tente.<br \/>\nLes cinq salles d\u00e9di\u00e9es aux massages et aux soins de beaut\u00e9 sont dot\u00e9es de tous les \u00e9quipements n\u00e9cessaires aux soins du corps pour votre profond d\u00e9tente.<br \/>\nSoins de beaut\u00e9 pour femmes et pour hommes, massages pour tous vos besoin, dont profiter en couple ou individuellement. Nos sp\u00e9cialistes, fortes d\u2019une exp\u00e9rience longues dans le bien-\u00eatre, vous feront d\u00e9couvrir les b\u00e9n\u00e9fices de chaque soin.<br \/>\nAcc\u00e8s au Spa pour les mineurs \u00e0 partir de 16 ans, si accompagn\u00e9s d\u2019un adulte.<br \/>\n<\/span><\/span><\/span><\/p>\n<p>[\/vc_column_text][vc_empty_space height=\u00a0\u00bb48px\u00a0\u00bb][\/vc_column][\/vc_row][vc_row full_width=\u00a0\u00bbstretch_row_content\u00a0\u00bb disable_element=\u00a0\u00bbyes\u00a0\u00bb][vc_column][vc_empty_space height=\u00a0\u00bb40px\u00a0\u00bb][\/vc_column][\/vc_row][vc_row content_placement=\u00a0\u00bbmiddle\u00a0\u00bb css_animation=\u00a0\u00bbfadeIn\u00a0\u00bb disable_element=\u00a0\u00bbyes\u00a0\u00bb css=\u00a0\u00bb.vc_custom_1597310913574{border-right-width: 25px !important;border-left-width: 25px !important;background-color: #e9e1d5 !important;border-left-color: #ffffff !important;border-left-style: solid !important;border-right-color: #ffffff !important;border-right-style: solid !important;}\u00a0\u00bb][vc_column][vc_empty_space height=\u00a0\u00bb50px\u00a0\u00bb][vc_row_inner el_class=\u00a0\u00bbcontainer mx-auto\u00a0\u00bb][vc_column_inner el_class=\u00a0\u00bbcontainer mx-auto\u00a0\u00bb width=\u00a0\u00bb1\/3&Prime;][vc_single_image image=\u00a0\u00bb10637&Prime; img_size=\u00a0\u00bbfull\u00a0\u00bb onclick=\u00a0\u00bblink_image\u00a0\u00bb][vc_single_image image=\u00a0\u00bb10638&Prime; img_size=\u00a0\u00bbfull\u00a0\u00bb onclick=\u00a0\u00bblink_image\u00a0\u00bb][\/vc_column_inner][vc_column_inner width=\u00a0\u00bb1\/3&Prime;][vc_single_image image=\u00a0\u00bb10584&Prime; img_size=\u00a0\u00bb440&#215;621&Prime; onclick=\u00a0\u00bblink_image\u00a0\u00bb][\/vc_column_inner][vc_column_inner width=\u00a0\u00bb1\/3&Prime;][vc_single_image image=\u00a0\u00bb10639&Prime; img_size=\u00a0\u00bbfull\u00a0\u00bb onclick=\u00a0\u00bblink_image\u00a0\u00bb][vc_single_image image=\u00a0\u00bb10640&Prime; img_size=\u00a0\u00bbfull\u00a0\u00bb onclick=\u00a0\u00bblink_image\u00a0\u00bb][\/vc_column_inner][\/vc_row_inner][vc_empty_space height=\u00a0\u00bb30px\u00a0\u00bb][\/vc_column][\/vc_row][vc_row][vc_column][vc_empty_space][\/vc_column][\/vc_row][vc_row el_class=\u00a0\u00bbcontainer mx-auto\u00a0\u00bb][vc_column][vc_row_inner][vc_column_inner][vc_text_separator title=\u00a0\u00bbForfaits soins\u00a0\u00bb el_class=\u00a0\u00bbclass_separatore\u00a0\u00bb][\/vc_column_inner][\/vc_row_inner][vc_row_inner equal_height=\u00a0\u00bbyes\u00a0\u00bb content_placement=\u00a0\u00bbtop\u00a0\u00bb gap=\u00a0\u00bb15&Prime;][vc_column_inner el_class=\u00a0\u00bbtext-center box_spa gallery-before box_padding_50&Prime; width=\u00a0\u00bb1\/2&Prime; css=\u00a0\u00bb.vc_custom_1597325327417{margin-bottom: 0px !important;}\u00a0\u00bb][vc_column_text css=\u00a0\u00bb.vc_custom_1597405147348{margin-bottom: 0px !important;}\u00a0\u00bb el_class=\u00a0\u00bbtext-left\u00a0\u00bb]<strong>EXPERIENCE RELAXANTE (95 minutes) \u20ac 145,00<\/strong><\/p>\n<ul>\n<li>Massage relaxant aromatique<\/li>\n<li>Soin visage nourrissant<\/li>\n<li>Massage plantaire<\/li>\n<\/ul>\n<p><strong>EXPERIENCE DETOXIFIANTE (95 minutes) \u20ac 155,00<\/strong><\/p>\n<ul>\n<li>Peeling aux sels marins<\/li>\n<li>Traitement aux algues r\u00e9mineralisant<\/li>\n<li>Massage d\u00e9contracturant<\/li>\n<\/ul>\n<p><strong>EXPERIENCE TONIFIANTE (95 minutes) \u20ac 155,00<\/strong><\/p>\n<ul>\n<li>Peeling aux parfums de la m\u00e9diterran\u00e9e<\/li>\n<li>Massage d\u00e9contracturant drainant<\/li>\n<li>Soin visage express<\/li>\n<\/ul>\n<p><strong>EXPERIENCE ZEN \u20ac 620,00 (4 jours) \u2013 16 soins:<\/strong><\/p>\n<ul>\n<li>2 gommages hydrants aux sels marins, 4 enveloppements d\u00e9toxifiants, 1 soin visage purifiant, 1 soin visage hydratant, 2 massages plantaires, 1 massaggio ayurv\u00e9dique, 1 hot stone massage, 2 massages relaxants aux gi relax alla lavanda, 1 manucure, 1 p\u00e9dicure<\/li>\n<\/ul>\n<p>[\/vc_column_text][\/vc_column_inner][vc_column_inner el_class=\u00a0\u00bbtext-center box_spa box_padding_50&Prime; width=\u00a0\u00bb1\/2&Prime; css=\u00a0\u00bb.vc_custom_1597405227084{margin-bottom: 0px !important;}\u00a0\u00bb][vc_column_text css=\u00a0\u00bb.vc_custom_1597405191164{margin-bottom: 0px !important;}\u00a0\u00bb el_class=\u00a0\u00bbtext-left\u00a0\u00bb]<strong>TEMPLE DE VENUS \u20ac 540,00 (4 jours) 16 soins:<\/strong><\/p>\n<ul>\n<li>2 gommages aux sels marins, 4 enveloppements drainants, 1 soin visage purifiant, 1 soin visage hydratant, 2 soins visage anti-\u00e2ge,1 soin contour des yeux, 3 massages relaxants, 1 massage cranio-sacr\u00e9e, 1 manucure<\/li>\n<\/ul>\n<p><strong>LES ESSENCES DE LA MEDITERRANEE \u20ac 430,00 (3 jours) \u2013 12 soins:<\/strong><\/p>\n<ul>\n<li>1 Ritual M\u00e9diterran\u00e9en, 1 Ritual Parfums des Pouilles, 2 enveloppements cryog\u00e8nes d\u00e9fatigants jambes, 1 traitement r\u00e9mineralisant aux algues, 1 drainage lymphatique, 1 massage plantaire, 3 massages visage, 1 manucure, 1 p\u00e9dicure<\/li>\n<\/ul>\n<p><strong>BIEN-ETRE CIEL ET MER \u20ac 490,00 (3 jours) \u2013 12 soins<\/strong><\/p>\n<ul>\n<li>1 gommage aux sels marins, 2 massages raffermissantes, 2 massages plantaires, 3 massages dos localis\u00e9s, 2 soins visages hydratants,1 manucure,1 p\u00e9dicure<\/li>\n<\/ul>\n<p>[\/vc_column_text][\/vc_column_inner][\/vc_row_inner][vc_row_inner][vc_column_inner][vc_empty_space height=\u00a0\u00bb20px\u00a0\u00bb][\/vc_column_inner][\/vc_row_inner][vc_row_inner][vc_column_inner el_class=\u00a0\u00bbtext-center\u00a0\u00bb][vc_column_text]<a class=\"btn-secondary btn\" href=\"https:\/\/borgobianco.it\/wp-content\/uploads\/2026\/03\/menu_spa_borgobianco.pdf\">D\u00e9couvrez la carte SPA<\/a>[\/vc_column_text][\/vc_column_inner][\/vc_row_inner][\/vc_column][\/vc_row][vc_row full_width=\u00a0\u00bbstretch_row_content_no_spaces\u00a0\u00bb css=\u00a0\u00bb.vc_custom_1584106928416{margin-right: 0px !important;margin-left: 0px !important;padding-top: 0px !important;padding-right: 0px !important;padding-bottom: 0px !important;padding-left: 0px !important;}\u00a0\u00bb][vc_column][vc_empty_space][vc_row_inner css=\u00a0\u00bb.vc_custom_1584107069552{padding-right: 10px !important;padding-left: 10px !important;}\u00a0\u00bb][vc_column_inner css=\u00a0\u00bb.vc_custom_1584093265593{margin-top: 10px !important;}\u00a0\u00bb][vc_empty_space][vc_column_text]<\/p>\n            <div class=\"gallery-photo\">\n                                              <a href=\" https:\/\/borgobianco.it\/wp-content\/uploads\/2020\/08\/unica-spa-2.jpg\" class=\"item-gallery\">\n                      <img class=\"gallery-img\" src=\"https:\/\/borgobianco.it\/wp-content\/uploads\/2020\/08\/unica-spa-2.jpg\" class=\"attachment-img-cat size-img-cat\" \/>\n                  <\/a>\n                                <a href=\" https:\/\/borgobianco.it\/wp-content\/uploads\/2020\/08\/unica-spa-3-1.jpg\" class=\"item-gallery\">\n                      <img class=\"gallery-img\" src=\"https:\/\/borgobianco.it\/wp-content\/uploads\/2020\/08\/unica-spa-3-1.jpg\" class=\"attachment-img-cat size-img-cat\" \/>\n                  <\/a>\n                                <a href=\" https:\/\/borgobianco.it\/wp-content\/uploads\/2020\/08\/unica-spa-1.jpg\" class=\"item-gallery\">\n                      <img class=\"gallery-img\" src=\"https:\/\/borgobianco.it\/wp-content\/uploads\/2020\/08\/unica-spa-1.jpg\" class=\"attachment-img-cat size-img-cat\" \/>\n                  <\/a>\n                                <a href=\" https:\/\/borgobianco.it\/wp-content\/uploads\/2020\/08\/unica-spa-relax-2-1.jpg\" class=\"item-gallery\">\n                      <img class=\"gallery-img\" src=\"https:\/\/borgobianco.it\/wp-content\/uploads\/2020\/08\/unica-spa-relax-2-1.jpg\" class=\"attachment-img-cat size-img-cat\" \/>\n                  <\/a>\n                                <a href=\" https:\/\/borgobianco.it\/wp-content\/uploads\/2020\/08\/unica-spa-relax-1.jpg\" class=\"item-gallery\">\n                      <img class=\"gallery-img\" src=\"https:\/\/borgobianco.it\/wp-content\/uploads\/2020\/08\/unica-spa-relax-1.jpg\" class=\"attachment-img-cat size-img-cat\" \/>\n                  <\/a>\n                                <a href=\" https:\/\/borgobianco.it\/wp-content\/uploads\/2020\/08\/unica-spa-candele-asciugamano-1.jpg\" class=\"item-gallery\">\n                      <img class=\"gallery-img\" src=\"https:\/\/borgobianco.it\/wp-content\/uploads\/2020\/08\/unica-spa-candele-asciugamano-1.jpg\" class=\"attachment-img-cat size-img-cat\" \/>\n                  <\/a>\n                                <a href=\" https:\/\/borgobianco.it\/wp-content\/uploads\/2020\/08\/unica-spa-galleria-6-1.jpg\" class=\"item-gallery\">\n                      <img class=\"gallery-img\" src=\"https:\/\/borgobianco.it\/wp-content\/uploads\/2020\/08\/unica-spa-galleria-6-1.jpg\" class=\"attachment-img-cat size-img-cat\" \/>\n                  <\/a>\n                                <a href=\" https:\/\/borgobianco.it\/wp-content\/uploads\/2020\/08\/unica-spa-galleria-5-1.jpg\" class=\"item-gallery\">\n                      <img class=\"gallery-img\" src=\"https:\/\/borgobianco.it\/wp-content\/uploads\/2020\/08\/unica-spa-galleria-5-1.jpg\" class=\"attachment-img-cat size-img-cat\" \/>\n                  <\/a>\n                            <\/div>\n    \n<p>[\/vc_column_text][\/vc_column_inner][\/vc_row_inner][\/vc_column][\/vc_row][vc_row][vc_column][vc_empty_space][\/vc_column][\/vc_row]<\/p>\n","protected":false},"excerpt":{"rendered":"<p>[vc_row][vc_column offset=\u00a0\u00bbvc_hidden-xs\u00a0\u00bb][vc_empty_space height=\u00a0\u00bb100px\u00a0\u00bb][\/vc_column][\/vc_row][vc_row gap=\u00a0\u00bb30&Prime; equal_height=\u00a0\u00bbyes\u00a0\u00bb content_placement=\u00a0\u00bbmiddle\u00a0\u00bb css=\u00a0\u00bb.vc_custom_1597246867848{padding-right: 15px !important;padding-left: 15px !important;}\u00a0\u00bb el_class=\u00a0\u00bbcontainer mx-auto\u00a0\u00bb][vc_column css_animation=\u00a0\u00bbfadeInLeft\u00a0\u00bb css=\u00a0\u00bb.vc_custom_1597329725947{padding-top: 0px !important;padding-right: 0px !important;padding-bottom: 0px <\/p>\n","protected":false},"author":12,"featured_media":10560,"parent":0,"menu_order":0,"comment_status":"closed","ping_status":"closed","template":"page-templates\/fullwidthpage.php","meta":[],"yoast_head":"<!-- This site is optimized with the Yoast SEO plugin v19.13 - https:\/\/yoast.com\/wordpress\/plugins\/seo\/ -->\n<title>station thermale de Polignano | SPA unique | Borgobianco Resort &amp; SPA<\/title>\n<meta name=\"description\" content=\"Le Borgobianco Resort &amp; SPA, une ferme typique de Polignano a Mare, dispose d&#039;un centre de bien-\u00eatre. Massages et soins pour vos moments de pure d\u00e9tente.\" \/>\n<meta name=\"robots\" content=\"index, follow, max-snippet:-1, max-image-preview:large, max-video-preview:-1\" \/>\n<link rel=\"canonical\" href=\"https:\/\/borgobianco.it\/fr\/unica-spa\/\" \/>\n<meta property=\"og:locale\" content=\"fr_FR\" \/>\n<meta property=\"og:type\" content=\"article\" \/>\n<meta property=\"og:title\" content=\"station thermale de Polignano | SPA unique | Borgobianco Resort &amp; SPA\" \/>\n<meta property=\"og:description\" content=\"Le Borgobianco Resort &amp; SPA, une ferme typique de Polignano a Mare, dispose d&#039;un centre de bien-\u00eatre. Massages et soins pour vos moments de pure d\u00e9tente.\" \/>\n<meta property=\"og:url\" content=\"https:\/\/borgobianco.it\/fr\/unica-spa\/\" \/>\n<meta property=\"og:site_name\" content=\"Borgobianco\" \/>\n<meta property=\"article:publisher\" content=\"https:\/\/www.facebook.com\/BorgobiancoResort\" \/>\n<meta property=\"article:modified_time\" content=\"2026-03-30T16:05:52+00:00\" \/>\n<meta property=\"og:image\" content=\"https:\/\/borgobianco.it\/wp-content\/uploads\/2020\/08\/spa-borgobianco.jpg\" \/>\n\t<meta property=\"og:image:width\" content=\"1600\" \/>\n\t<meta property=\"og:image:height\" content=\"1068\" \/>\n\t<meta property=\"og:image:type\" content=\"image\/jpeg\" \/>\n<meta name=\"twitter:label1\" content=\"Dur\u00e9e de lecture estim\u00e9e\" \/>\n\t<meta name=\"twitter:data1\" content=\"3 minutes\" \/>\n<script type=\"application\/ld+json\" class=\"yoast-schema-graph\">{\"@context\":\"https:\/\/schema.org\",\"@graph\":[{\"@type\":\"WebPage\",\"@id\":\"https:\/\/borgobianco.it\/fr\/unica-spa\/\",\"url\":\"https:\/\/borgobianco.it\/fr\/unica-spa\/\",\"name\":\"station thermale de Polignano | SPA unique | Borgobianco Resort & SPA\",\"isPartOf\":{\"@id\":\"https:\/\/borgobianco.it\/#website\"},\"datePublished\":\"2022-12-30T09:41:47+00:00\",\"dateModified\":\"2026-03-30T16:05:52+00:00\",\"description\":\"Le Borgobianco Resort & SPA, une ferme typique de Polignano a Mare, dispose d'un centre de bien-\u00eatre. Massages et soins pour vos moments de pure d\u00e9tente.\",\"breadcrumb\":{\"@id\":\"https:\/\/borgobianco.it\/fr\/unica-spa\/#breadcrumb\"},\"inLanguage\":\"fr-FR\",\"potentialAction\":[{\"@type\":\"ReadAction\",\"target\":[\"https:\/\/borgobianco.it\/fr\/unica-spa\/\"]}]},{\"@type\":\"BreadcrumbList\",\"@id\":\"https:\/\/borgobianco.it\/fr\/unica-spa\/#breadcrumb\",\"itemListElement\":[{\"@type\":\"ListItem\",\"position\":1,\"name\":\"Home\",\"item\":\"https:\/\/borgobianco.it\/fr\/\"},{\"@type\":\"ListItem\",\"position\":2,\"name\":\"Unica SPA\"}]},{\"@type\":\"WebSite\",\"@id\":\"https:\/\/borgobianco.it\/#website\",\"url\":\"https:\/\/borgobianco.it\/\",\"name\":\"Borgobianco\",\"description\":\"Resort &amp; SPA\",\"publisher\":{\"@id\":\"https:\/\/borgobianco.it\/#organization\"},\"potentialAction\":[{\"@type\":\"SearchAction\",\"target\":{\"@type\":\"EntryPoint\",\"urlTemplate\":\"https:\/\/borgobianco.it\/?s={search_term_string}\"},\"query-input\":\"required name=search_term_string\"}],\"inLanguage\":\"fr-FR\"},{\"@type\":\"Organization\",\"@id\":\"https:\/\/borgobianco.it\/#organization\",\"name\":\"Borgobianco Resort & SPA\",\"url\":\"https:\/\/borgobianco.it\/\",\"logo\":{\"@type\":\"ImageObject\",\"inLanguage\":\"fr-FR\",\"@id\":\"https:\/\/borgobianco.it\/#\/schema\/logo\/image\/\",\"url\":\"\",\"contentUrl\":\"\",\"caption\":\"Borgobianco Resort & SPA\"},\"image\":{\"@id\":\"https:\/\/borgobianco.it\/#\/schema\/logo\/image\/\"},\"sameAs\":[\"https:\/\/www.instagram.com\/borgobiancoresortspa\/\",\"https:\/\/www.facebook.com\/BorgobiancoResort\"]}]}<\/script>\n<!-- \/ Yoast SEO plugin. -->","yoast_head_json":{"title":"station thermale de Polignano | SPA unique | Borgobianco Resort & SPA","description":"Le Borgobianco Resort & SPA, une ferme typique de Polignano a Mare, dispose d'un centre de bien-\u00eatre. Massages et soins pour vos moments de pure d\u00e9tente.","robots":{"index":"index","follow":"follow","max-snippet":"max-snippet:-1","max-image-preview":"max-image-preview:large","max-video-preview":"max-video-preview:-1"},"canonical":"https:\/\/borgobianco.it\/fr\/unica-spa\/","og_locale":"fr_FR","og_type":"article","og_title":"station thermale de Polignano | SPA unique | Borgobianco Resort & SPA","og_description":"Le Borgobianco Resort & SPA, une ferme typique de Polignano a Mare, dispose d'un centre de bien-\u00eatre. Massages et soins pour vos moments de pure d\u00e9tente.","og_url":"https:\/\/borgobianco.it\/fr\/unica-spa\/","og_site_name":"Borgobianco","article_publisher":"https:\/\/www.facebook.com\/BorgobiancoResort","article_modified_time":"2026-03-30T16:05:52+00:00","og_image":[{"width":1600,"height":1068,"url":"https:\/\/borgobianco.it\/wp-content\/uploads\/2020\/08\/spa-borgobianco.jpg","type":"image\/jpeg"}],"twitter_misc":{"Dur\u00e9e de lecture estim\u00e9e":"3 minutes"},"schema":{"@context":"https:\/\/schema.org","@graph":[{"@type":"WebPage","@id":"https:\/\/borgobianco.it\/fr\/unica-spa\/","url":"https:\/\/borgobianco.it\/fr\/unica-spa\/","name":"station thermale de Polignano | SPA unique | Borgobianco Resort & SPA","isPartOf":{"@id":"https:\/\/borgobianco.it\/#website"},"datePublished":"2022-12-30T09:41:47+00:00","dateModified":"2026-03-30T16:05:52+00:00","description":"Le Borgobianco Resort & SPA, une ferme typique de Polignano a Mare, dispose d'un centre de bien-\u00eatre. Massages et soins pour vos moments de pure d\u00e9tente.","breadcrumb":{"@id":"https:\/\/borgobianco.it\/fr\/unica-spa\/#breadcrumb"},"inLanguage":"fr-FR","potentialAction":[{"@type":"ReadAction","target":["https:\/\/borgobianco.it\/fr\/unica-spa\/"]}]},{"@type":"BreadcrumbList","@id":"https:\/\/borgobianco.it\/fr\/unica-spa\/#breadcrumb","itemListElement":[{"@type":"ListItem","position":1,"name":"Home","item":"https:\/\/borgobianco.it\/fr\/"},{"@type":"ListItem","position":2,"name":"Unica SPA"}]},{"@type":"WebSite","@id":"https:\/\/borgobianco.it\/#website","url":"https:\/\/borgobianco.it\/","name":"Borgobianco","description":"Resort &amp; SPA","publisher":{"@id":"https:\/\/borgobianco.it\/#organization"},"potentialAction":[{"@type":"SearchAction","target":{"@type":"EntryPoint","urlTemplate":"https:\/\/borgobianco.it\/?s={search_term_string}"},"query-input":"required name=search_term_string"}],"inLanguage":"fr-FR"},{"@type":"Organization","@id":"https:\/\/borgobianco.it\/#organization","name":"Borgobianco Resort & SPA","url":"https:\/\/borgobianco.it\/","logo":{"@type":"ImageObject","inLanguage":"fr-FR","@id":"https:\/\/borgobianco.it\/#\/schema\/logo\/image\/","url":"","contentUrl":"","caption":"Borgobianco Resort & SPA"},"image":{"@id":"https:\/\/borgobianco.it\/#\/schema\/logo\/image\/"},"sameAs":["https:\/\/www.instagram.com\/borgobiancoresortspa\/","https:\/\/www.facebook.com\/BorgobiancoResort"]}]}},"_links":{"self":[{"href":"https:\/\/borgobianco.it\/fr\/wp-json\/wp\/v2\/pages\/10824"}],"collection":[{"href":"https:\/\/borgobianco.it\/fr\/wp-json\/wp\/v2\/pages"}],"about":[{"href":"https:\/\/borgobianco.it\/fr\/wp-json\/wp\/v2\/types\/page"}],"author":[{"embeddable":true,"href":"https:\/\/borgobianco.it\/fr\/wp-json\/wp\/v2\/users\/12"}],"replies":[{"embeddable":true,"href":"https:\/\/borgobianco.it\/fr\/wp-json\/wp\/v2\/comments?post=10824"}],"version-history":[{"count":13,"href":"https:\/\/borgobianco.it\/fr\/wp-json\/wp\/v2\/pages\/10824\/revisions"}],"predecessor-version":[{"id":15101,"href":"https:\/\/borgobianco.it\/fr\/wp-json\/wp\/v2\/pages\/10824\/revisions\/15101"}],"wp:featuredmedia":[{"embeddable":true,"href":"https:\/\/borgobianco.it\/fr\/wp-json\/wp\/v2\/media\/10560"}],"wp:attachment":[{"href":"https:\/\/borgobianco.it\/fr\/wp-json\/wp\/v2\/media?parent=10824"}],"curies":[{"name":"wp","href":"https:\/\/api.w.org\/{rel}","templated":true}]}}