{"id":10815,"date":"2022-12-30T10:33:50","date_gmt":"2022-12-30T09:33:50","guid":{"rendered":"https:\/\/borgobianco.it\/services\/"},"modified":"2026-02-20T12:22:43","modified_gmt":"2026-02-20T11:22:43","slug":"services","status":"publish","type":"page","link":"https:\/\/borgobianco.it\/fr\/services\/","title":{"rendered":"Services"},"content":{"rendered":"<p>[vc_row][vc_column offset=\u00a0\u00bbvc_hidden-xs\u00a0\u00bb][vc_empty_space height=\u00a0\u00bb100px\u00a0\u00bb][\/vc_column][\/vc_row][vc_row gap=\u00a0\u00bb30&Prime; content_placement=\u00a0\u00bbmiddle\u00a0\u00bb css=\u00a0\u00bb.vc_custom_1596879520133{padding-right: 15px !important;padding-left: 15px !important;}\u00a0\u00bb el_class=\u00a0\u00bbcontainer mx-auto\u00a0\u00bb][vc_column css_animation=\u00a0\u00bbfadeInLeft\u00a0\u00bb css=\u00a0\u00bb.vc_custom_1597329634152{padding-top: 0px !important;padding-right: 0px !important;padding-bottom: 0px !important;padding-left: 0px !important;}\u00a0\u00bb el_class=\u00a0\u00bb.gallery-before\u00a0\u00bb offset=\u00a0\u00bbvc_col-lg-6&Prime;][vc_row_inner][vc_column_inner width=\u00a0\u00bb1\/2&Prime;][vc_single_image image=\u00a0\u00bb10660&Prime; img_size=\u00a0\u00bb318&#215;550&Prime; alignment=\u00a0\u00bbcenter\u00a0\u00bb][\/vc_column_inner][vc_column_inner width=\u00a0\u00bb1\/2&Prime;][vc_single_image image=\u00a0\u00bb10661&Prime; img_size=\u00a0\u00bb318&#215;550&Prime; alignment=\u00a0\u00bbcenter\u00a0\u00bb][\/vc_column_inner][\/vc_row_inner][\/vc_column][vc_column css_animation=\u00a0\u00bbfadeInRight\u00a0\u00bb css=\u00a0\u00bb.vc_custom_1597329643013{background-color: #ffffff !important;}\u00a0\u00bb el_class=\u00a0\u00bbbox_padding_50&Prime; offset=\u00a0\u00bbvc_col-lg-6&Prime;][vc_column_text css=\u00a0\u00bb.vc_custom_1597225394349{margin-bottom: 0px !important;border-bottom-width: 0px !important;}\u00a0\u00bb]<\/p>\n<h4 class=\"top-title-section\" style=\"color: #be8844; text-align: center;\">Choisissez la formule la plus adapt\u00e9e \u00e0 vous<\/h4>\n<h2 style=\"text-align: center;\">Un s\u00e9jour exclusive dans les Pouilles<\/h2>\n<p>[\/vc_column_text][vc_empty_space height=\u00a0\u00bb20px\u00a0\u00bb][vc_column_text css=\u00a0\u00bb.vc_custom_1597328925835{margin-bottom: 0px !important;padding-top: 0px !important;padding-right: 0px !important;padding-bottom: 0px !important;padding-left: 0px !important;}\u00a0\u00bb]<\/p>\n<p style=\"text-align: center;\"><span style=\"color: #3f494b;\"><span style=\"font-family: Arial, serif;\"><span style=\"font-size: medium;\">Votre s\u00e9jour sans probl\u00e8me: choisissez la formule la plus adapt\u00e9e \u00e0 vos b\u00e9soin, h\u00e9bergement et Petit D\u00e9jeuner ou Demi-Pension.<\/span><\/span><\/span><\/p>\n<p>[\/vc_column_text][vc_empty_space height=\u00a0\u00bb48px\u00a0\u00bb][\/vc_column][\/vc_row][vc_row full_width=\u00a0\u00bbstretch_row_content\u00a0\u00bb][vc_column][vc_empty_space height=\u00a0\u00bb10px\u00a0\u00bb][\/vc_column][\/vc_row][vc_row content_placement=\u00a0\u00bbmiddle\u00a0\u00bb css_animation=\u00a0\u00bbfadeIn\u00a0\u00bb disable_element=\u00a0\u00bbyes\u00a0\u00bb css=\u00a0\u00bb.vc_custom_1597222982467{border-right-width: 25px !important;border-left-width: 25px !important;background-color: #e9e1d5 !important;border-left-color: #ffffff !important;border-left-style: solid !important;border-right-color: #ffffff !important;border-right-style: solid !important;}\u00a0\u00bb][vc_column][vc_empty_space height=\u00a0\u00bb50px\u00a0\u00bb][vc_row_inner el_class=\u00a0\u00bbcontainer mx-auto\u00a0\u00bb][vc_column_inner el_class=\u00a0\u00bbcontainer mx-auto\u00a0\u00bb width=\u00a0\u00bb1\/3&Prime;][vc_single_image image=\u00a0\u00bb10535&Prime; img_size=\u00a0\u00bbfull\u00a0\u00bb onclick=\u00a0\u00bblink_image\u00a0\u00bb][vc_single_image image=\u00a0\u00bb10529&Prime; img_size=\u00a0\u00bbfull\u00a0\u00bb onclick=\u00a0\u00bblink_image\u00a0\u00bb][\/vc_column_inner][vc_column_inner width=\u00a0\u00bb1\/3&Prime;][vc_single_image image=\u00a0\u00bb10584&Prime; img_size=\u00a0\u00bbfull\u00a0\u00bb onclick=\u00a0\u00bblink_image\u00a0\u00bb][\/vc_column_inner][vc_column_inner width=\u00a0\u00bb1\/3&Prime;][vc_single_image image=\u00a0\u00bb10620&Prime; img_size=\u00a0\u00bb440&#215;330&Prime; onclick=\u00a0\u00bblink_image\u00a0\u00bb][vc_single_image image=\u00a0\u00bb10520&Prime; img_size=\u00a0\u00bbfull\u00a0\u00bb onclick=\u00a0\u00bblink_image\u00a0\u00bb][\/vc_column_inner][\/vc_row_inner][vc_empty_space height=\u00a0\u00bb30px\u00a0\u00bb][\/vc_column][\/vc_row][vc_row content_placement=\u00a0\u00bbmiddle\u00a0\u00bb css_animation=\u00a0\u00bbfadeIn\u00a0\u00bb css=\u00a0\u00bb.vc_custom_1597223202493{border-right-width: 25px !important;border-left-width: 25px !important;background-color: #ffffff !important;border-left-color: #ffffff !important;border-left-style: solid !important;border-right-color: #ffffff !important;border-right-style: solid !important;}\u00a0\u00bb][vc_column][vc_row_inner][vc_column_inner][vc_column_text]<\/p>\n<h4 class=\"top-title-section\" style=\"color: #be8844; text-align: center;\">Services dans la structure<\/h4>\n<p>[\/vc_column_text][\/vc_column_inner][\/vc_row_inner][vc_row_inner gap=\u00a0\u00bb15&Prime;][vc_column_inner el_class=\u00a0\u00bbbox_servizi\u00a0\u00bb width=\u00a0\u00bb1\/4&Prime; css=\u00a0\u00bb.vc_custom_1597224859871{background-color: #1c1a1a !important;}\u00a0\u00bb][vc_column_text]<\/p>\n<h5>48 chambres dont 26 Suites<\/h5>\n<p>[\/vc_column_text][\/vc_column_inner][vc_column_inner el_class=\u00a0\u00bbbox_servizi\u00a0\u00bb width=\u00a0\u00bb1\/4&Prime; css=\u00a0\u00bb.vc_custom_1597224888565{background-color: #e9e1d5 !important;}\u00a0\u00bb][vc_column_text]<\/p>\n<h5 style=\"color: #424242;\">Restaurant avec cuisine m\u00e9diterran\u00e9enne et terrasse vue mer<\/h5>\n<p>[\/vc_column_text][\/vc_column_inner][vc_column_inner el_class=\u00a0\u00bbbox_servizi\u00a0\u00bb width=\u00a0\u00bb1\/4&Prime; css=\u00a0\u00bb.vc_custom_1597224865761{background-color: #1c1a1a !important;}\u00a0\u00bb][vc_column_text]<\/p>\n<h5>Lobby bar &amp; lounge<\/h5>\n<p>[\/vc_column_text][\/vc_column_inner][vc_column_inner el_class=\u00a0\u00bbbox_servizi\u00a0\u00bb width=\u00a0\u00bb1\/4&Prime; css=\u00a0\u00bb.vc_custom_1597224897381{background-color: #e9e1d5 !important;}\u00a0\u00bb][vc_column_text]<\/p>\n<h5 style=\"color: #424242;\">SPA de 1.000 mq<\/h5>\n<p>[\/vc_column_text][\/vc_column_inner][\/vc_row_inner][vc_row_inner gap=\u00a0\u00bb15&Prime;][vc_column_inner el_class=\u00a0\u00bbbox_servizi\u00a0\u00bb width=\u00a0\u00bb1\/4&Prime; css=\u00a0\u00bb.vc_custom_1597224209216{background-color: #e9e1d5 !important;}\u00a0\u00bb][vc_column_text]<\/p>\n<h5 style=\"color: #424242;\">Soins de beaut\u00e9 et bien-\u00eatre<\/h5>\n<p>[\/vc_column_text][\/vc_column_inner][vc_column_inner el_class=\u00a0\u00bbbox_servizi\u00a0\u00bb width=\u00a0\u00bb1\/4&Prime; css=\u00a0\u00bb.vc_custom_1597224206225{background-color: #1c1a1a !important;}\u00a0\u00bb][vc_column_text]<\/p>\n<h5>Piscine ext\u00e9rieure, piscine int\u00e9rieure chauff\u00e9e<\/h5>\n<p>[\/vc_column_text][\/vc_column_inner][vc_column_inner el_class=\u00a0\u00bbbox_servizi\u00a0\u00bb width=\u00a0\u00bb1\/4&Prime; css=\u00a0\u00bb.vc_custom_1597224201930{background-color: #e9e1d5 !important;}\u00a0\u00bb][vc_column_text]<\/p>\n<h5 style=\"color: #424242;\">2 salles de r\u00e9union<\/h5>\n<p>[\/vc_column_text][\/vc_column_inner][vc_column_inner el_class=\u00a0\u00bbbox_servizi\u00a0\u00bb width=\u00a0\u00bb1\/4&Prime; css=\u00a0\u00bb.vc_custom_1597224196976{background-color: #1c1a1a !important;}\u00a0\u00bb][vc_column_text]<\/p>\n<h5>Parking<\/h5>\n<p>[\/vc_column_text][\/vc_column_inner][\/vc_row_inner][\/vc_column][\/vc_row][vc_row css=\u00a0\u00bb.vc_custom_1583916125202{padding-right: 0px !important;padding-left: 0px !important;}\u00a0\u00bb][vc_column][vc_empty_space height=\u00a0\u00bb50px\u00a0\u00bb][\/vc_column][\/vc_row][vc_row gap=\u00a0\u00bb30&Prime; content_placement=\u00a0\u00bbmiddle\u00a0\u00bb css=\u00a0\u00bb.vc_custom_1596879520133{padding-right: 15px !important;padding-left: 15px !important;}\u00a0\u00bb el_class=\u00a0\u00bbcontainer mx-auto\u00a0\u00bb][vc_column css_animation=\u00a0\u00bbfadeInLeft\u00a0\u00bb width=\u00a0\u00bb1\/3&Prime; css=\u00a0\u00bb.vc_custom_1771345861778{padding-top: 0px !important;padding-right: 0px !important;padding-bottom: 0px !important;padding-left: 0px !important;}\u00a0\u00bb el_class=\u00a0\u00bb.gallery-before\u00a0\u00bb offset=\u00a0\u00bbvc_col-lg-4&Prime;][vc_single_image image=\u00a0\u00bb14982&Prime; img_size=\u00a0\u00bbfull\u00a0\u00bb alignment=\u00a0\u00bbcenter\u00a0\u00bb][\/vc_column][vc_column css_animation=\u00a0\u00bbfadeInRight\u00a0\u00bb width=\u00a0\u00bb2\/3&Prime; css=\u00a0\u00bb.vc_custom_1771345868715{background-color: #ffffff !important;}\u00a0\u00bb el_class=\u00a0\u00bbbox_padding_50&Prime; offset=\u00a0\u00bbvc_col-lg-8&Prime;][vc_column_text css=\u00a0\u00bb.vc_custom_1771586521077{margin-bottom: 0px !important;border-bottom-width: 0px !important;}\u00a0\u00bb]<\/p>\n<h4 class=\"top-title-section\" style=\"color: #be8844;\">Louez votre voiture avec Europcar et Greenblu<\/h4>\n<p>[\/vc_column_text][vc_empty_space height=\u00a0\u00bb20px\u00a0\u00bb][vc_column_text css=\u00a0\u00bb.vc_custom_1771586550532{margin-bottom: 0px !important;padding-top: 0px !important;padding-right: 0px !important;padding-bottom: 0px !important;padding-left: 0px !important;}\u00a0\u00bb]<\/p>\n<p style=\"text-align: left;\">Gr\u00e2ce au partenariat exclusif avec Europcar, vous avez la possibilit\u00e9 de louer votre voiture \u00e0 des tarifs avantageux. <u><a href=\"https:\/\/www.europcar.it\/it-it\/p\/europcar-partner\/greenblu\" target=\"_blank\" rel=\"noopener\">Acc\u00e9dez au portail<\/a><\/u> d\u00e9di\u00e9 aux clients Greenblu et r\u00e9servez d\u00e8s maintenant pour vivre un voyage inoubliable.<\/p>\n<p>[\/vc_column_text][vc_empty_space height=\u00a0\u00bb48px\u00a0\u00bb][\/vc_column][\/vc_row][vc_row css=\u00a0\u00bb.vc_custom_1583916125202{padding-right: 0px !important;padding-left: 0px !important;}\u00a0\u00bb][vc_column][vc_empty_space height=\u00a0\u00bb50px\u00a0\u00bb][\/vc_column][\/vc_row]<\/p>\n","protected":false},"excerpt":{"rendered":"<p>[vc_row][vc_column offset=\u00a0\u00bbvc_hidden-xs\u00a0\u00bb][vc_empty_space height=\u00a0\u00bb100px\u00a0\u00bb][\/vc_column][\/vc_row][vc_row gap=\u00a0\u00bb30&Prime; content_placement=\u00a0\u00bbmiddle\u00a0\u00bb css=\u00a0\u00bb.vc_custom_1596879520133{padding-right: 15px !important;padding-left: 15px !important;}\u00a0\u00bb el_class=\u00a0\u00bbcontainer mx-auto\u00a0\u00bb][vc_column css_animation=\u00a0\u00bbfadeInLeft\u00a0\u00bb css=\u00a0\u00bb.vc_custom_1597329634152{padding-top: 0px !important;padding-right: 0px !important;padding-bottom: 0px !important;padding-left: <\/p>\n","protected":false},"author":12,"featured_media":10663,"parent":0,"menu_order":0,"comment_status":"closed","ping_status":"closed","template":"page-templates\/fullwidthpage.php","meta":[],"yoast_head":"<!-- This site is optimized with the Yoast SEO plugin v19.13 - https:\/\/yoast.com\/wordpress\/plugins\/seo\/ -->\n<title>Activit\u00e9s et services | Resort 5 \u00e9toiles dans les Pouilles | Borgobianco<\/title>\n<meta name=\"description\" content=\"Chambres et suites. Services 5 \u00e9toiles, centre SPA, piscine int\u00e9rieure et ext\u00e9rieure, restaurant panoramique et parking.\" \/>\n<meta name=\"robots\" content=\"index, follow, max-snippet:-1, max-image-preview:large, max-video-preview:-1\" \/>\n<link rel=\"canonical\" href=\"https:\/\/borgobianco.it\/fr\/services\/\" \/>\n<meta property=\"og:locale\" content=\"fr_FR\" \/>\n<meta property=\"og:type\" content=\"article\" \/>\n<meta property=\"og:title\" content=\"Activit\u00e9s et services | Resort 5 \u00e9toiles dans les Pouilles | Borgobianco\" \/>\n<meta property=\"og:description\" content=\"Chambres et suites. Services 5 \u00e9toiles, centre SPA, piscine int\u00e9rieure et ext\u00e9rieure, restaurant panoramique et parking.\" \/>\n<meta property=\"og:url\" content=\"https:\/\/borgobianco.it\/fr\/services\/\" \/>\n<meta property=\"og:site_name\" content=\"Borgobianco\" \/>\n<meta property=\"article:publisher\" content=\"https:\/\/www.facebook.com\/BorgobiancoResort\" \/>\n<meta property=\"article:modified_time\" content=\"2026-02-20T11:22:43+00:00\" \/>\n<meta property=\"og:image\" content=\"https:\/\/borgobianco.it\/wp-content\/uploads\/2020\/08\/borgobianco-resort141-2.jpg\" \/>\n\t<meta property=\"og:image:width\" content=\"1600\" \/>\n\t<meta property=\"og:image:height\" content=\"1066\" \/>\n\t<meta property=\"og:image:type\" content=\"image\/jpeg\" \/>\n<meta name=\"twitter:label1\" content=\"Dur\u00e9e de lecture estim\u00e9e\" \/>\n\t<meta name=\"twitter:data1\" content=\"2 minutes\" \/>\n<script type=\"application\/ld+json\" class=\"yoast-schema-graph\">{\"@context\":\"https:\/\/schema.org\",\"@graph\":[{\"@type\":\"WebPage\",\"@id\":\"https:\/\/borgobianco.it\/fr\/services\/\",\"url\":\"https:\/\/borgobianco.it\/fr\/services\/\",\"name\":\"Activit\u00e9s et services | Resort 5 \u00e9toiles dans les Pouilles | Borgobianco\",\"isPartOf\":{\"@id\":\"https:\/\/borgobianco.it\/#website\"},\"datePublished\":\"2022-12-30T09:33:50+00:00\",\"dateModified\":\"2026-02-20T11:22:43+00:00\",\"description\":\"Chambres et suites. Services 5 \u00e9toiles, centre SPA, piscine int\u00e9rieure et ext\u00e9rieure, restaurant panoramique et parking.\",\"breadcrumb\":{\"@id\":\"https:\/\/borgobianco.it\/fr\/services\/#breadcrumb\"},\"inLanguage\":\"fr-FR\",\"potentialAction\":[{\"@type\":\"ReadAction\",\"target\":[\"https:\/\/borgobianco.it\/fr\/services\/\"]}]},{\"@type\":\"BreadcrumbList\",\"@id\":\"https:\/\/borgobianco.it\/fr\/services\/#breadcrumb\",\"itemListElement\":[{\"@type\":\"ListItem\",\"position\":1,\"name\":\"Home\",\"item\":\"https:\/\/borgobianco.it\/fr\/\"},{\"@type\":\"ListItem\",\"position\":2,\"name\":\"Services\"}]},{\"@type\":\"WebSite\",\"@id\":\"https:\/\/borgobianco.it\/#website\",\"url\":\"https:\/\/borgobianco.it\/\",\"name\":\"Borgobianco\",\"description\":\"Resort &amp; SPA\",\"publisher\":{\"@id\":\"https:\/\/borgobianco.it\/#organization\"},\"potentialAction\":[{\"@type\":\"SearchAction\",\"target\":{\"@type\":\"EntryPoint\",\"urlTemplate\":\"https:\/\/borgobianco.it\/?s={search_term_string}\"},\"query-input\":\"required name=search_term_string\"}],\"inLanguage\":\"fr-FR\"},{\"@type\":\"Organization\",\"@id\":\"https:\/\/borgobianco.it\/#organization\",\"name\":\"Borgobianco Resort & SPA\",\"url\":\"https:\/\/borgobianco.it\/\",\"logo\":{\"@type\":\"ImageObject\",\"inLanguage\":\"fr-FR\",\"@id\":\"https:\/\/borgobianco.it\/#\/schema\/logo\/image\/\",\"url\":\"\",\"contentUrl\":\"\",\"caption\":\"Borgobianco Resort & SPA\"},\"image\":{\"@id\":\"https:\/\/borgobianco.it\/#\/schema\/logo\/image\/\"},\"sameAs\":[\"https:\/\/www.instagram.com\/borgobiancoresortspa\/\",\"https:\/\/www.facebook.com\/BorgobiancoResort\"]}]}<\/script>\n<!-- \/ Yoast SEO plugin. -->","yoast_head_json":{"title":"Activit\u00e9s et services | Resort 5 \u00e9toiles dans les Pouilles | Borgobianco","description":"Chambres et suites. Services 5 \u00e9toiles, centre SPA, piscine int\u00e9rieure et ext\u00e9rieure, restaurant panoramique et parking.","robots":{"index":"index","follow":"follow","max-snippet":"max-snippet:-1","max-image-preview":"max-image-preview:large","max-video-preview":"max-video-preview:-1"},"canonical":"https:\/\/borgobianco.it\/fr\/services\/","og_locale":"fr_FR","og_type":"article","og_title":"Activit\u00e9s et services | Resort 5 \u00e9toiles dans les Pouilles | Borgobianco","og_description":"Chambres et suites. Services 5 \u00e9toiles, centre SPA, piscine int\u00e9rieure et ext\u00e9rieure, restaurant panoramique et parking.","og_url":"https:\/\/borgobianco.it\/fr\/services\/","og_site_name":"Borgobianco","article_publisher":"https:\/\/www.facebook.com\/BorgobiancoResort","article_modified_time":"2026-02-20T11:22:43+00:00","og_image":[{"width":1600,"height":1066,"url":"https:\/\/borgobianco.it\/wp-content\/uploads\/2020\/08\/borgobianco-resort141-2.jpg","type":"image\/jpeg"}],"twitter_misc":{"Dur\u00e9e de lecture estim\u00e9e":"2 minutes"},"schema":{"@context":"https:\/\/schema.org","@graph":[{"@type":"WebPage","@id":"https:\/\/borgobianco.it\/fr\/services\/","url":"https:\/\/borgobianco.it\/fr\/services\/","name":"Activit\u00e9s et services | Resort 5 \u00e9toiles dans les Pouilles | Borgobianco","isPartOf":{"@id":"https:\/\/borgobianco.it\/#website"},"datePublished":"2022-12-30T09:33:50+00:00","dateModified":"2026-02-20T11:22:43+00:00","description":"Chambres et suites. Services 5 \u00e9toiles, centre SPA, piscine int\u00e9rieure et ext\u00e9rieure, restaurant panoramique et parking.","breadcrumb":{"@id":"https:\/\/borgobianco.it\/fr\/services\/#breadcrumb"},"inLanguage":"fr-FR","potentialAction":[{"@type":"ReadAction","target":["https:\/\/borgobianco.it\/fr\/services\/"]}]},{"@type":"BreadcrumbList","@id":"https:\/\/borgobianco.it\/fr\/services\/#breadcrumb","itemListElement":[{"@type":"ListItem","position":1,"name":"Home","item":"https:\/\/borgobianco.it\/fr\/"},{"@type":"ListItem","position":2,"name":"Services"}]},{"@type":"WebSite","@id":"https:\/\/borgobianco.it\/#website","url":"https:\/\/borgobianco.it\/","name":"Borgobianco","description":"Resort &amp; SPA","publisher":{"@id":"https:\/\/borgobianco.it\/#organization"},"potentialAction":[{"@type":"SearchAction","target":{"@type":"EntryPoint","urlTemplate":"https:\/\/borgobianco.it\/?s={search_term_string}"},"query-input":"required name=search_term_string"}],"inLanguage":"fr-FR"},{"@type":"Organization","@id":"https:\/\/borgobianco.it\/#organization","name":"Borgobianco Resort & SPA","url":"https:\/\/borgobianco.it\/","logo":{"@type":"ImageObject","inLanguage":"fr-FR","@id":"https:\/\/borgobianco.it\/#\/schema\/logo\/image\/","url":"","contentUrl":"","caption":"Borgobianco Resort & SPA"},"image":{"@id":"https:\/\/borgobianco.it\/#\/schema\/logo\/image\/"},"sameAs":["https:\/\/www.instagram.com\/borgobiancoresortspa\/","https:\/\/www.facebook.com\/BorgobiancoResort"]}]}},"_links":{"self":[{"href":"https:\/\/borgobianco.it\/fr\/wp-json\/wp\/v2\/pages\/10815"}],"collection":[{"href":"https:\/\/borgobianco.it\/fr\/wp-json\/wp\/v2\/pages"}],"about":[{"href":"https:\/\/borgobianco.it\/fr\/wp-json\/wp\/v2\/types\/page"}],"author":[{"embeddable":true,"href":"https:\/\/borgobianco.it\/fr\/wp-json\/wp\/v2\/users\/12"}],"replies":[{"embeddable":true,"href":"https:\/\/borgobianco.it\/fr\/wp-json\/wp\/v2\/comments?post=10815"}],"version-history":[{"count":5,"href":"https:\/\/borgobianco.it\/fr\/wp-json\/wp\/v2\/pages\/10815\/revisions"}],"predecessor-version":[{"id":14996,"href":"https:\/\/borgobianco.it\/fr\/wp-json\/wp\/v2\/pages\/10815\/revisions\/14996"}],"wp:featuredmedia":[{"embeddable":true,"href":"https:\/\/borgobianco.it\/fr\/wp-json\/wp\/v2\/media\/10663"}],"wp:attachment":[{"href":"https:\/\/borgobianco.it\/fr\/wp-json\/wp\/v2\/media?parent=10815"}],"curies":[{"name":"wp","href":"https:\/\/api.w.org\/{rel}","templated":true}]}}